{"id":1033,"date":"2017-02-26T11:11:48","date_gmt":"2017-02-26T11:11:48","guid":{"rendered":"http:\/\/www.maxcamrh.com.br\/?page_id=1033"},"modified":"2025-02-12T13:41:59","modified_gmt":"2025-02-12T16:41:59","slug":"home-2-2","status":"publish","type":"page","link":"https:\/\/www.maxcamrh.com.br\/","title":{"rendered":"Home"},"content":{"rendered":"<p><section  id=\"xs-sec-debc2e82\" class=\"fw-main-row   xs-sc-debc2e82   \"  >\r\n\t<div class=\"xs-main-overlay\"><\/div>\r\n\r\n    <div class=\"fw-container-fluid\">\r\n\t\t<div class=\"fw-row\">\n\t<div class=\"fw-col-inner\">\r\n<div id=\"xs-col-860b9289\" class=\"fw-col-md-12     xs-sc-860b9289    \">\r\n    <div class=\"fw-main-row\">\r\n\t\t\t\t<div class=\"fw-col-inner\">\r\n\t\t\t\r\n\r\n\r\n\t<!-- Carousel -->\r\n\t<div id=\"main-slide\" class=\"carousel slide  \" data-ride=\"carousel\">\r\n\r\n\t\t<!-- Carousel inner -->\r\n\t\t<div class=\"carousel-inner\">\r\n\r\n\t\t\t\t\t\t<div class=\"item active\" style=\"background-image:url(\/\/www.maxcamrh.com.br\/wp-content\/uploads\/2018\/01\/bg1.jpg)\">\r\n\t\t\t\t\t<div class=\"container\">\r\n\t\t\t\t\t\t<div class=\"slider-content text-left \">\r\n\t\t\t\t\t\t\t<div class=\"col-md-12\">\r\n                                                                    <h2 class=\"slide-title title-light animated3\">O futuro da sua empresa come\u00e7a pela contrata\u00e7\u00e3o<\/h2>\r\n                                                                            <h3 class=\"slide-sub-title animated3\">das pessoas certas<\/h3>\r\n                                    \t\t\t\t\t\t\t\t<p class=\"slider-description lead animated3\">MaxCam RH \u00e9 um inovador sistema para Recrutamento e Sele\u00e7\u00e3o. N\u00f3s utilizamos os conceitos mais modernos de Intelig\u00eancia Artificial e Big Data para selecionar o melhor candidato para sua organiza\u00e7\u00e3o.<\/p>\r\n\t\t\t\t\t\t\t\t\t\t\t\t\t\t\t\t\t\t<p class=\"animated3\">\r\n\t\t\t\t\t\t\t\t\t\t\t\t\t\t\t\t\t\t\t<a target=\"\" href=\"\" class=\"slider default\">  <\/a>\r\n\t\t\t\t\t\t\t\t\t\t\t\t\t\t\t\t\t\t\t<a target=\"\" href=\"\" class=\"slider default\">  <\/a>\r\n\t\t\t\t\t\t\t\t\t\r\n\t\t\t\t\t\t\t\t<\/p>        \r\n\t\t\t\t\t\t\t<\/div><!-- Col end -->\r\n\t\t\t\t\t\t<\/div><!-- Slider content end -->\r\n\t\t\t\t\t<\/div><!--Container end -->\r\n\t\t\t\t<\/div><!--\/ Carousel item 1 end -->\r\n\t\t\t\t\t\t\t\t\t\t<div class=\"item  \" style=\"background-image:url(\/\/www.maxcamrh.com.br\/wp-content\/uploads\/2018\/02\/bg2.jpg)\">\r\n\t\t\t\t\t<div class=\"container\">\r\n\t\t\t\t\t\t<div class=\"slider-content text-left \">\r\n\t\t\t\t\t\t\t<div class=\"col-md-12\">\r\n                                                                    <h2 class=\"slide-title title-light animated3\">Nossa miss\u00e3o \u00e9 ajudar sua empresa maximizar resultados<\/h2>\r\n                                                                            <h3 class=\"slide-sub-title animated3\">Solu\u00e7\u00f5es assertivas para sua equipe de trabalho<\/h3>\r\n                                    \t\t\t\t\t\t\t\t<p class=\"slider-description lead animated3\">Melhore as avalia\u00e7\u00f5es e a performance dos seus colaboradores.<\/p>\r\n\t\t\t\t\t\t\t\t\t\t\t\t\t\t\t\t\t\t<p class=\"animated3\">\r\n\t\t\t\t\t\t\t\t\t\t\t\t\t\t\t\t\t\t\t<a target=\"\" href=\"\" class=\"slider default\">  <\/a>\r\n\t\t\t\t\t\t\t\t\t\t\t\t\t\t\t\t\t\t\t<a target=\"\" href=\"\" class=\"slider default\">  <\/a>\r\n\t\t\t\t\t\t\t\t\t\r\n\t\t\t\t\t\t\t\t<\/p>        \r\n\t\t\t\t\t\t\t<\/div><!-- Col end -->\r\n\t\t\t\t\t\t<\/div><!-- Slider content end -->\r\n\t\t\t\t\t<\/div><!--Container end -->\r\n\t\t\t\t<\/div><!--\/ Carousel item 1 end -->\r\n\t\t\t\t\t\t\t\t\t\t<div class=\"item  \" style=\"background-image:url(\/\/www.maxcamrh.com.br\/wp-content\/uploads\/2018\/01\/bg3.jpg)\">\r\n\t\t\t\t\t<div class=\"container\">\r\n\t\t\t\t\t\t<div class=\"slider-content text-left \">\r\n\t\t\t\t\t\t\t<div class=\"col-md-12\">\r\n                                                                    <h2 class=\"slide-title title-light animated3\">Tenha foco em outros setores do RH<\/h2>\r\n                                                                            <h3 class=\"slide-sub-title animated3\">N\u00f3s fazemos o trabalho pesado<\/h3>\r\n                                    \t\t\t\t\t\t\t\t<p class=\"slider-description lead animated3\">Com nossa tecnologia, n\u00f3s escolhemos o melhor candidato para sua organiza\u00e7\u00e3o, baseado em suas estrat\u00e9gias, valores, miss\u00e3o, vis\u00e3o e caracter\u00edsticas da lideran\u00e7a.<\/p>\r\n\t\t\t\t\t\t\t\t\t\t\t\t\t\t\t\t\t\t<p class=\"animated3\">\r\n\t\t\t\t\t\t\t\t\t\t\t\t\t\t\t\t\t\t\t<a target=\"_self\" href=\"http:\/\/www.maxcamrh.com.br\/?page_id=2006\" class=\"slider btn btn-primary\">  Nossos servi\u00e7os<\/a>\r\n\t\t\t\t\t\t\t\t\t\t\t\t\t\t\t\t\t\t\t<a target=\"_self\" href=\"http:\/\/www.maxcamrh.com.br\/?page_id=184\" class=\"slider btn btn-border\">  Contate-nos<\/a>\r\n\t\t\t\t\t\t\t\t\t\r\n\t\t\t\t\t\t\t\t<\/p>        \r\n\t\t\t\t\t\t\t<\/div><!-- Col end -->\r\n\t\t\t\t\t\t<\/div><!-- Slider content end -->\r\n\t\t\t\t\t<\/div><!--Container end -->\r\n\t\t\t\t<\/div><!--\/ Carousel item 1 end -->\r\n\t\t\t\t\t\t\t\t\t<\/div><!-- Carousel inner end-->\r\n\r\n\t\t<!-- Indicators -->\r\n\t\t<ol class=\"carousel-indicators\">\r\n\t\t\t<li data-target=\"#main-slide\" data-slide-to=\"0\" class=\"active\"><\/li><li data-target=\"#main-slide\" data-slide-to=\"1\" class=\" \"><\/li><li data-target=\"#main-slide\" data-slide-to=\"2\" class=\" \"><\/li>\t\t<\/ol>\r\n\r\n\t\t<!-- Controls -->\r\n\t\t<a class=\"left main-slide carousel-control\" href=\"#main-slide\" data-slide=\"prev\">\r\n\t\t\t<span><i class=\"fa fa-angle-left\"><\/i><\/span>\r\n\t\t<\/a>\r\n\t\t<a class=\"right main-slide carousel-control\" href=\"#main-slide\" data-slide=\"next\">\r\n\t\t\t<span><i class=\"fa fa-angle-right\"><\/i><\/span>\r\n\t\t<\/a>\r\n\t<\/div><!--\/ Carousel end --> \r\n\r\n\r\n\r\n\r\n\t<script>\r\n\t\t\/\/slider js\r\n\t\tjQuery( document ).ready( function ( $ ) {\r\n\r\n\t\t\t$( '#main-slide' ).carousel( {\r\n\t\t\t\tpause: true,\r\n\t\t\t\tinterval: 100000,\r\n\t\t\t} );\r\n\t\t} );\r\n\t<\/script>\r\n\r\n\t\t<\/div>\r\n    <\/div>\r\n<\/div>\r\n<\/div>\n\n    <\/div>\r\n<\/section>\r\n\r\n<section  id=\"xs-sec-1e8b879d\" class=\"fw-main-row   xs-sc-1e8b879d   \"  >\r\n\t<div class=\"xs-main-overlay\"><\/div>\r\n\r\n    <div class=\"fw-container\">\r\n\t\t    <\/div>\r\n<\/section>\r\n\r\n<section  id=\"xs-sec-982011c1\" class=\"fw-main-row   xs-sc-982011c1   \"  >\r\n\t<div class=\"xs-main-overlay\"><\/div>\r\n\r\n    <div class=\"fw-container-fluid\">\r\n\t\t<div class=\"fw-row\">\n\t<div class=\"fw-col-inner\">\r\n<div id=\"xs-col-91665d5b\" class=\"fw-col-md-4     xs-sc-91665d5b  xs-col-no-padding text-center \">\r\n    <div class=\"fw-main-row\">\r\n\t\t<div class=\"xs-main-overlay\"><\/div>\t\t<div class=\"fw-col-inner\">\r\n\t\t\t\t<div class = \"ts-feature-box \">\r\n\t\t<div class=\"ts-feature-info\">\r\n\t\t\t\t\t\t\t<span class=\"feature-icon\">\r\n\t\t\t\t\t<i class=\"icon icon-consut2\"><\/i>\r\n\t\t\t\t<\/span>\r\n\t\t\t\t\t\t<div class = \"feature-content\">\r\n\t\t\t\t\t\t\t\t\t<h3 class=\"ts-feature-title\">Recrutamento e Sele\u00e7\u00e3o<\/h3>\r\n\t\t\t\t\r\n\t\t\t\t\t\t\t\t\t<p>Nossa equipe compreender\u00e1 exatamente a necessidade da sua empresa e buscar\u00e1 os melhores candidatos do mercado.<\/p>\r\n\t\t\t\t\t\t\t<\/div><!-- feature content end -->\r\n\t\t<\/div><!-- Feature info end -->\r\n\t<\/div><!--\/ End featurebox icon 1-->\r\n\r\n\t\t<\/div>\r\n    <\/div>\r\n<\/div>\r\n<div class=\"fw-col-inner\">\r\n<div id=\"xs-col-9cf15eff\" class=\"fw-col-md-4     xs-sc-9cf15eff  xs-col-no-padding text-center \">\r\n    <div class=\"fw-main-row\">\r\n\t\t<div class=\"xs-main-overlay\"><\/div>\t\t<div class=\"fw-col-inner\">\r\n\t\t\t\t<div class = \"ts-feature-box \">\r\n\t\t<div class=\"ts-feature-info\">\r\n\t\t\t\t\t\t\t<span class=\"feature-icon\">\r\n\t\t\t\t\t<i class=\"icon icon-chart22\"><\/i>\r\n\t\t\t\t<\/span>\r\n\t\t\t\t\t\t<div class = \"feature-content\">\r\n\t\t\t\t\t\t\t\t\t<h3 class=\"ts-feature-title\">Avalia\u00e7\u00e3o e desenvolvimento<\/h3>\r\n\t\t\t\t\r\n\t\t\t\t\t\t\t\t\t<p>Atrav\u00e9s de uma metodologia avan\u00e7ada fazemos toda avalia\u00e7\u00e3o dos colaboradores e os auxiliamos a alcan\u00e7ar m\u00e1ximos resultados.<\/p>\r\n\t\t\t\t\t\t\t<\/div><!-- feature content end -->\r\n\t\t<\/div><!-- Feature info end -->\r\n\t<\/div><!--\/ End featurebox icon 1-->\r\n\r\n\t\t<\/div>\r\n    <\/div>\r\n<\/div>\r\n<div class=\"fw-col-inner\">\r\n<div id=\"xs-col-123b8dce\" class=\"fw-col-md-4     xs-sc-123b8dce  xs-col-no-padding text-center \">\r\n    <div class=\"fw-main-row\">\r\n\t\t<div class=\"xs-main-overlay\"><\/div>\t\t<div class=\"fw-col-inner\">\r\n\t\t\t\t<div class = \"ts-feature-box \">\r\n\t\t<div class=\"ts-feature-info\">\r\n\t\t\t\t\t\t\t<span class=\"feature-icon\">\r\n\t\t\t\t\t<i class=\"icon icon-clock3\"><\/i>\r\n\t\t\t\t<\/span>\r\n\t\t\t\t\t\t<div class = \"feature-content\">\r\n\t\t\t\t\t\t\t\t\t<h3 class=\"ts-feature-title\">Seja nosso franqueado<\/h3>\r\n\t\t\t\t\r\n\t\t\t\t\t\t\t\t\t<p>Tenha seu pr\u00f3prio neg\u00f3cio e sua independ\u00eancia financeira. Venha fazer parte da melhor empresa de Recrutamento e Sele\u00e7\u00e3o do Brasil.<\/p>\r\n\t\t\t\t\t\t\t<\/div><!-- feature content end -->\r\n\t\t<\/div><!-- Feature info end -->\r\n\t<\/div><!--\/ End featurebox icon 1-->\r\n\r\n\t\t<\/div>\r\n    <\/div>\r\n<\/div>\r\n<\/div>\n\n    <\/div>\r\n<\/section>\r\n\r\n<section  id=\"xs-sec-06fcaf1b\" class=\"fw-main-row   xs-sc-06fcaf1b   \"  >\r\n\t<div class=\"xs-main-overlay\"><\/div>\r\n\r\n    <div class=\"fw-container\">\r\n\t\t    <\/div>\r\n<\/section>\r\n\r\n<section  id=\"xs-sec-990bf12e\" class=\"fw-main-row   xs-sc-990bf12e   \"  >\r\n\t<div class=\"xs-main-overlay\"><\/div>\r\n\r\n    <div class=\"fw-container-fluid\">\r\n\t\t<div class=\"fw-row\">\n\t<div class=\"fw-col-inner\">\r\n<div id=\"xs-col-cac72564\" class=\"fw-col-md-6   xs-hidden-sm xs-hidden-xs   xs-sc-cac72564 res-250 xs-col-no-padding  \">\r\n    <div class=\"fw-main-row\">\r\n\t\t<div class=\"xs-main-overlay\"><\/div>\t\t<div class=\"fw-col-inner\">\r\n\t\t\t\t\t<\/div>\r\n    <\/div>\r\n<\/div>\r\n<div class=\"fw-col-inner\">\r\n<div id=\"xs-col-6e2da6fb\" class=\"fw-col-md-6     xs-sc-6e2da6fb why-choose-us   \">\r\n    <div class=\"fw-main-row\">\r\n\t\t\t\t<div class=\"fw-col-inner\">\r\n\t\t\t\r\n<div class=\"heading  xs-heading-b946b47a   \">\r\n\t<h3  class='xs-title content-title boder-none'> 21 Anos de Experi\u00eancia  <\/h3><\/div>\r\n<div class=\"xs-text-block  xs-text-block-41786630\">\r\n\t<p>Em consultoria para empresas nacionais e multinacionais. Veja nossos resultados:<\/p><\/div>\r\n\t\t<div class=\"col-md-6 facts-wrapper\">\r\n\t\t\t<div class=\"facts\">\r\n\t\t\t\t\t\t\t\t\t<span class=\"facts-icon\"><i class=\"fa fa-male\"><\/i><\/span>\r\n\t\t\t\t\r\n\t\t\t\t\t\t\t\t\t<div class=\"facts-num\">\r\n\t\t\t\t\t\t<h3 class=\"funfact\">\r\n\t\t\t\t\t\t\t<span class=\"counterUp\">63.483<\/span>\r\n\t\t\t\t\t\t<\/h3>\r\n\t\t\t\t\t<\/div>\r\n\t\t\t\t\t\t\t\t\t\t\t\t\t<p>Pessoas avaliadas<\/p>\r\n\t\t\t\t\t\t\t<\/div>\r\n\t\t<\/div>\r\n\t\t\t<div class=\"col-md-6 facts-wrapper\">\r\n\t\t\t<div class=\"facts\">\r\n\t\t\t\t\t\t\t\t\t<span class=\"facts-icon\"><i class=\"icon icon-rocket\"><\/i><\/span>\r\n\t\t\t\t\r\n\t\t\t\t\t\t\t\t\t<div class=\"facts-num\">\r\n\t\t\t\t\t\t<h3 class=\"funfact\">\r\n\t\t\t\t\t\t\t<span class=\"counterUp\">96.7<\/span>\r\n\t\t\t\t\t\t<\/h3>\r\n\t\t\t\t\t<\/div>\r\n\t\t\t\t\t\t\t\t\t\t\t\t\t<p>Assertividade da Sele\u00e7\u00e3o<\/p>\r\n\t\t\t\t\t\t\t<\/div>\r\n\t\t<\/div>\r\n\t\t\t<div class=\"col-md-6 facts-wrapper\">\r\n\t\t\t<div class=\"facts\">\r\n\t\t\t\t\t\t\t\t\t<span class=\"facts-icon\"><i class=\"fa fa-file-text-o\"><\/i><\/span>\r\n\t\t\t\t\r\n\t\t\t\t\t\t\t\t\t<div class=\"facts-num\">\r\n\t\t\t\t\t\t<h3 class=\"funfact\">\r\n\t\t\t\t\t\t\t<span class=\"counterUp\">512<\/span>\r\n\t\t\t\t\t\t<\/h3>\r\n\t\t\t\t\t<\/div>\r\n\t\t\t\t\t\t\t\t\t\t\t\t\t<p>Assessment<\/p>\r\n\t\t\t\t\t\t\t<\/div>\r\n\t\t<\/div>\r\n\t\t\t<div class=\"col-md-6 facts-wrapper\">\r\n\t\t\t<div class=\"facts\">\r\n\t\t\t\t\t\t\t\t\t<span class=\"facts-icon\"><i class=\"fa fa-building-o\"><\/i><\/span>\r\n\t\t\t\t\r\n\t\t\t\t\t\t\t\t\t<div class=\"facts-num\">\r\n\t\t\t\t\t\t<h3 class=\"funfact\">\r\n\t\t\t\t\t\t\t<span class=\"counterUp\">453<\/span>\r\n\t\t\t\t\t\t<\/h3>\r\n\t\t\t\t\t<\/div>\r\n\t\t\t\t\t\t\t\t\t\t\t\t\t<p>Empresas atendidas<\/p>\r\n\t\t\t\t\t\t\t<\/div>\r\n\t\t<\/div>\r\n\t\t\t<\/div>\r\n    <\/div>\r\n<\/div>\r\n<\/div>\n\n    <\/div>\r\n<\/section>\r\n\r\n<section  id=\"xs-sec-cd7b298c\" class=\"fw-main-row parallax-section  xs-sc-cd7b298c   \"  >\r\n\t<div class=\"xs-main-overlay\"><\/div>\r\n\r\n    <div class=\"fw-container\">\r\n\t\t<div class=\"fw-row\">\n\t<div class=\"fw-col-inner\">\r\n<div id=\"xs-col-f2747719\" class=\"fw-col-md-12     xs-sc-f2747719   text-center \">\r\n    <div class=\"fw-main-row\">\r\n\t\t\t\t<div class=\"fw-col-inner\">\r\n\t\t\t\r\n<div class=\"heading  xs-heading-a5a4d23f  text-left \">\r\n\t<h2  class='xs-title content-title boder-none'><span class='shortheading'>Metodologia<\/span> Sistema SIM de Recrutamento e Sele\u00e7\u00e3o  <\/h2><\/div>\r\n\t\t<\/div>\r\n    <\/div>\r\n<\/div>\r\n<\/div>\n\n<div class=\"fw-row\">\n\t<div class=\"fw-col-inner\">\r\n<div id=\"xs-col-88dcf254\" class=\"fw-col-md-12     xs-sc-88dcf254    \">\r\n    <div class=\"fw-main-row\">\r\n\t\t\t\t<div class=\"fw-col-inner\">\r\n\t\t\t<div class=\"xs-text-block  xs-text-block-58c7ccf3\">\r\n\t<p><span style=\"color: #ffffff;\">Nossos especialistas desenvolveram atrav\u00e9s de pesquisas com mais de 63.483 pessoas, o mais poderoso e completo m\u00e9todo para recrutamento, sele\u00e7\u00e3o e desenvolvimento de equipes de trabalho. Nossos processos seguem os mais altos padr\u00f5es de Intelig\u00eancia Multidimensional e Big Data para garantir aos nossos clientes mais de 96,7% de efetividade nos resultados.<\/span><i class=\"icon icon-right-arrow2\"><\/i><\/p><\/div>\t\t<\/div>\r\n    <\/div>\r\n<\/div>\r\n<\/div>\n\n    <\/div>\r\n<\/section>\r\n\r\n<section  id=\"xs-sec-3832556b\" class=\"fw-main-row parallax-section  xs-sc-3832556b   \"  >\r\n\t<div class=\"xs-main-overlay\"><\/div>\r\n\r\n    <div class=\"fw-container\">\r\n\t\t<div class=\"fw-row\">\n\t<div class=\"fw-col-inner\">\r\n<div id=\"xs-col-a89b183e\" class=\"fw-col-md-6     xs-sc-a89b183e get_quote_form   \">\r\n    <div class=\"fw-main-row\">\r\n\t\t\t\t<div class=\"fw-col-inner\">\r\n\t\t\t<div class=\"xs-text-block  xs-text-block-778d81b6\">\r\n\t<p>\n<div class=\"wpcf7 no-js\" id=\"wpcf7-f1313-o1\" lang=\"en-US\" dir=\"ltr\" data-wpcf7-id=\"1313\">\n<div class=\"screen-reader-response\"><p role=\"status\" aria-live=\"polite\" aria-atomic=\"true\"><\/p> <ul><\/ul><\/div>\n<form action=\"\/index.php?rest_route=%2Fwp%2Fv2%2Fpages%2F1033#wpcf7-f1313-o1\" method=\"post\" class=\"wpcf7-form init\" aria-label=\"Contact form\" novalidate=\"novalidate\" data-status=\"init\">\n<div style=\"display: none;\">\n<input type=\"hidden\" name=\"_wpcf7\" value=\"1313\" \/>\n<input type=\"hidden\" name=\"_wpcf7_version\" value=\"6.0.6\" \/>\n<input type=\"hidden\" name=\"_wpcf7_locale\" value=\"en_US\" \/>\n<input type=\"hidden\" name=\"_wpcf7_unit_tag\" value=\"wpcf7-f1313-o1\" \/>\n<input type=\"hidden\" name=\"_wpcf7_container_post\" value=\"0\" \/>\n<input type=\"hidden\" name=\"_wpcf7_posted_data_hash\" value=\"\" \/>\n<input type=\"hidden\" name=\"_wpcf7_recaptcha_response\" value=\"\" \/>\n<\/div>\n<div class=\"ts_quote_form\">\n\t<h2 class=\"column-title title-white\"><span>N\u00f3s sempre estamos prontos<\/span> Solicite um contato\n\t<\/h2>\n\t<div class=\"row\">\n\t\t<div class=\"col-md-12\">\n\t\t\t<p><span class=\"wpcf7-form-control-wrap\" data-name=\"nome\"><input size=\"40\" maxlength=\"400\" class=\"wpcf7-form-control wpcf7-text wpcf7-validates-as-required\" aria-required=\"true\" aria-invalid=\"false\" placeholder=\"Nome\" value=\"\" type=\"text\" name=\"nome\" \/><\/span>\n\t\t\t<\/p>\n\t\t<\/div>\n\t\t<div class=\"col-md-12\">\n\t\t\t<p><span class=\"wpcf7-form-control-wrap\" data-name=\"email2\"><input size=\"40\" maxlength=\"400\" class=\"wpcf7-form-control wpcf7-email wpcf7-validates-as-required wpcf7-text wpcf7-validates-as-email\" aria-required=\"true\" aria-invalid=\"false\" placeholder=\"E-mail\" value=\"\" type=\"email\" name=\"email2\" \/><\/span>\n\t\t\t<\/p>\n\t\t<\/div>\n\t\t<div class=\"col-md-12\">\n\t\t\t<p><span class=\"wpcf7-form-control-wrap\" data-name=\"tel\"><input size=\"40\" maxlength=\"400\" class=\"wpcf7-form-control wpcf7-text wpcf7-validates-as-required\" aria-required=\"true\" aria-invalid=\"false\" placeholder=\"Telefone\" value=\"\" type=\"text\" name=\"tel\" \/><\/span>\n\t\t\t<\/p>\n\t\t<\/div>\n\t\t<div class=\"col-md-12\">\n\t\t\t<p><span class=\"wpcf7-form-control-wrap\" data-name=\"empresa\"><input size=\"40\" maxlength=\"400\" class=\"wpcf7-form-control wpcf7-text wpcf7-validates-as-required\" aria-required=\"true\" aria-invalid=\"false\" placeholder=\"Empresa\" value=\"\" type=\"text\" name=\"empresa\" \/><\/span>\n\t\t\t<\/p>\n\t\t<\/div>\n\t\t<div class=\"col-md-12\">\n\t\t\t<p><span class=\"wpcf7-form-control-wrap\" data-name=\"textoarea\"><textarea cols=\"40\" rows=\"4\" maxlength=\"2000\" class=\"wpcf7-form-control wpcf7-textarea\" aria-invalid=\"false\" placeholder=\"Mensagem\" name=\"textoarea\"><\/textarea><\/span>\n\t\t\t<\/p>\n\t\t\t<p><input class=\"wpcf7-form-control wpcf7-submit has-spinner btn btn-primary\" type=\"submit\" value=\"Enviar Mensagem\" \/>\n\t\t\t<\/p>\n\t\t<\/div>\n\t<\/div>\n<\/div><p style=\"display: none !important;\" class=\"akismet-fields-container\" data-prefix=\"_wpcf7_ak_\"><label>&#916;<textarea name=\"_wpcf7_ak_hp_textarea\" cols=\"45\" rows=\"8\" maxlength=\"100\"><\/textarea><\/label><input type=\"hidden\" id=\"ak_js_1\" name=\"_wpcf7_ak_js\" value=\"81\"\/><script>document.getElementById( \"ak_js_1\" ).setAttribute( \"value\", ( new Date() ).getTime() );<\/script><\/p><div class=\"wpcf7-response-output\" aria-hidden=\"true\"><\/div>\n<\/form>\n<\/div>\n<\/p><\/div>\t\t<\/div>\r\n    <\/div>\r\n<\/div>\r\n<div class=\"fw-col-inner\">\r\n<div id=\"xs-col-4fcc4dbb\" class=\"fw-col-md-6     xs-sc-4fcc4dbb    \">\r\n    <div class=\"fw-main-row\">\r\n\t\t\t\t<div class=\"fw-col-inner\">\r\n\t\t\t\r\n\r\n    \t\t<div id=\"testimonial-slide\" class=\"owl-carousel owl-theme testimonial-slide\">\r\n\t\t\t\t\t\t<div class=\"item\">\r\n\t\t\t\t<div class=\"quote-item\">\r\n\t\t\t\t\t\t\t\t\t\t<p class=\"quote-text\">\r\n\t\t\t\t\t\t\t... desde 2016 nos auxiliam em todas as contrata\u00e7\u00f5es do escrit\u00f3rio, com 100% de acerto...\t\t\t\t\t\t<\/p>\r\n\t\t\t\t\t\t\t\t\t<div class=\"quote-item-footer\">\r\n\t\t\t\t\t\t\t\t\t\t\t\t<img decoding=\"async\" class=\"testimonial-thumb\" src=\"\/\/www.maxcamrh.com.br\/wp-content\/uploads\/2018\/04\/jessica_barros_grupo_maximuns.jpg\" alt=\"Jessica Barros\">\r\n\t\t\t\t\t\t\t\t\t\t\t<div class=\"quote-item-info\">\r\n\t\t\t\t\t\t\t\t\t\t\t\t\t<h3 class=\"quote-author\">Jessica Barros\t\t\t\t\t\t\t\t<span class=\"quote-subtext\">\r\n\t\t\t\t\t\t\t\t\tDiretora RH - Greco, Rodrigues e Vizentim Advogados<\/span>\r\n\t\t\t\t\t\t\t<\/h3>\r\n\t\t\t\t\t\t\t\t\t\t\t\t<\/div><!-- Quote info end -->\r\n\t\t\t\t<\/div><!-- Quote item footer end -->\r\n\t\t\t\t<\/div><!-- Quote item end -->\r\n\t\t\t<\/div><!--\/ Item end -->\r\n\t\t\t\t\t\t<div class=\"item\">\r\n\t\t\t\t<div class=\"quote-item\">\r\n\t\t\t\t\t\t\t\t\t\t<p class=\"quote-text\">\r\n\t\t\t\t\t\t\t... primeiro conheceram o ambiente, como a escola funcionava e durante a consultoria nos orientaram como contratar os professores.\t\t\t\t\t\t<\/p>\r\n\t\t\t\t\t\t\t\t\t<div class=\"quote-item-footer\">\r\n\t\t\t\t\t\t\t\t\t\t\t\t<img decoding=\"async\" class=\"testimonial-thumb\" src=\"\/\/www.maxcamrh.com.br\/wp-content\/uploads\/2018\/04\/ana_cristina_grupo_maximuns.jpg\" alt=\"Ana Cristina\">\r\n\t\t\t\t\t\t\t\t\t\t\t<div class=\"quote-item-info\">\r\n\t\t\t\t\t\t\t\t\t\t\t\t\t<h3 class=\"quote-author\">Ana Cristina\t\t\t\t\t\t\t\t<span class=\"quote-subtext\">\r\n\t\t\t\t\t\t\t\t\tS\u00f3cia Diretora - Col\u00e9gio Jos\u00e9 Vasconcellos Filho<\/span>\r\n\t\t\t\t\t\t\t<\/h3>\r\n\t\t\t\t\t\t\t\t\t\t\t\t<\/div><!-- Quote info end -->\r\n\t\t\t\t<\/div><!-- Quote item footer end -->\r\n\t\t\t\t<\/div><!-- Quote item end -->\r\n\t\t\t<\/div><!--\/ Item end -->\r\n\t\t\t\t\t<\/div><!--\/ Testimonial carousel end-->\r\n\r\n\t\t\t\t<\/div>\r\n    <\/div>\r\n<\/div>\r\n<\/div>\n\n    <\/div>\r\n<\/section>\r\n\r\n<section  id=\"xs-sec-82cba4f7\" class=\"fw-main-row   xs-sc-82cba4f7   \"  >\r\n\t<div class=\"xs-main-overlay\"><\/div>\r\n\r\n    <div class=\"fw-container-fluid\">\r\n\t\t<div class=\"fw-row\">\n\t<div class=\"fw-col-inner\">\r\n<div id=\"xs-col-99afa95c\" class=\"fw-col-md-12     xs-sc-99afa95c  xs-col-no-padding text-center \">\r\n    <div class=\"fw-main-row\">\r\n\t\t\t\t<div class=\"fw-col-inner\">\r\n\t\t\t<div class=\"xs-text-block  xs-text-block-18bce2f9\">\r\n\t<p><iframe loading=\"lazy\" src=\"https:\/\/www.google.com\/maps\/embed?pb=!1m18!1m12!1m3!1d3657.8571688339302!2d-46.547101385022636!3d-23.53763908469469!2m3!1f0!2f0!3f0!3m2!1i1024!2i768!4f13.1!3m3!1m2!1s0x94ce5e687414ebcf%3A0x5aa6f895be59b289!2sRua+General+Sousa+Neto%2C+397+-+Vila+Aricanduva%2C+S%C3%A3o+Paulo+-+SP%2C+03502-020!5e0!3m2!1spt-BR!2sbr!4v1541197802804\" width=\"1980\" height=\"450\" frameborder=\"0\" style=\"border:0\" allowfullscreen><\/iframe><\/p><\/div>\t\t<\/div>\r\n    <\/div>\r\n<\/div>\r\n<\/div>\n\n    <\/div>\r\n<\/section>\r\n\r\n<\/p>\n","protected":false},"excerpt":{"rendered":"<p>O futuro da sua empresa come\u00e7a pela contrata\u00e7\u00e3o das pessoas certas MaxCam RH \u00e9 um inovador sistema para Recrutamento e Sele\u00e7\u00e3o. N\u00f3s utilizamos os conceitos mais modernos de Intelig\u00eancia Artificial e Big Data para selecionar o melhor candidato para sua organiza\u00e7\u00e3o. Nossa miss\u00e3o \u00e9 ajudar sua empresa maximizar resultados Solu\u00e7\u00f5es assertivas para sua equipe de [&hellip;]<\/p>\n","protected":false},"author":1,"featured_media":0,"parent":0,"menu_order":0,"comment_status":"closed","ping_status":"closed","template":"template\/template-multipage-homepage.php","meta":{"two_page_speed":{"current_score":{"desktop_score":98,"desktop_tti":"0.8\u00a0","mobile_score":87,"mobile_tti":"3.1\u00a0","date":"12.02.2025 01:41:55 pm","status":"completed"}},"footnotes":""},"class_list":["post-1033","page","type-page","status-publish","hentry"],"_links":{"self":[{"href":"https:\/\/www.maxcamrh.com.br\/index.php?rest_route=\/wp\/v2\/pages\/1033","targetHints":{"allow":["GET"]}}],"collection":[{"href":"https:\/\/www.maxcamrh.com.br\/index.php?rest_route=\/wp\/v2\/pages"}],"about":[{"href":"https:\/\/www.maxcamrh.com.br\/index.php?rest_route=\/wp\/v2\/types\/page"}],"author":[{"embeddable":true,"href":"https:\/\/www.maxcamrh.com.br\/index.php?rest_route=\/wp\/v2\/users\/1"}],"replies":[{"embeddable":true,"href":"https:\/\/www.maxcamrh.com.br\/index.php?rest_route=%2Fwp%2Fv2%2Fcomments&post=1033"}],"version-history":[{"count":41,"href":"https:\/\/www.maxcamrh.com.br\/index.php?rest_route=\/wp\/v2\/pages\/1033\/revisions"}],"predecessor-version":[{"id":2646,"href":"https:\/\/www.maxcamrh.com.br\/index.php?rest_route=\/wp\/v2\/pages\/1033\/revisions\/2646"}],"wp:attachment":[{"href":"https:\/\/www.maxcamrh.com.br\/index.php?rest_route=%2Fwp%2Fv2%2Fmedia&parent=1033"}],"curies":[{"name":"wp","href":"https:\/\/api.w.org\/{rel}","templated":true}]}}