{"id":1910,"date":"2018-03-25T20:16:11","date_gmt":"2018-03-25T23:16:11","guid":{"rendered":"http:\/\/www.maxcamrh.com.br\/?page_id=1910"},"modified":"2018-11-02T19:42:43","modified_gmt":"2018-11-02T22:42:43","slug":"sobre-nos","status":"publish","type":"page","link":"https:\/\/www.maxcamrh.com.br\/?page_id=1910","title":{"rendered":"Sobre N\u00f3s"},"content":{"rendered":"<p><section  id=\"xs-sec-debc2e82\" class=\"fw-main-row   xs-sc-debc2e82   \"  >\r\n\t<div class=\"xs-main-overlay\"><\/div>\r\n\r\n    <div class=\"fw-container-fluid\">\r\n\t\t<div class=\"fw-row\">\n\t<div class=\"fw-col-inner\">\r\n<div id=\"xs-col-860b9289\" class=\"fw-col-md-12     xs-sc-860b9289    \">\r\n    <div class=\"fw-main-row\">\r\n\t\t\t\t<div class=\"fw-col-inner\">\r\n\t\t\t\r\n\r\n\r\n\t<!-- Carousel -->\r\n\t<div id=\"main-slide\" class=\"carousel slide  \" data-ride=\"carousel\">\r\n\r\n\t\t<!-- Carousel inner -->\r\n\t\t<div class=\"carousel-inner\">\r\n\r\n\t\t\t\t\t\t<div class=\"item active\" style=\"background-image:url(\/\/www.maxcamrh.com.br\/wp-content\/uploads\/2018\/01\/bg1.jpg)\">\r\n\t\t\t\t\t<div class=\"container\">\r\n\t\t\t\t\t\t<div class=\"slider-content text-left \">\r\n\t\t\t\t\t\t\t<div class=\"col-md-12\">\r\n                                                                    <h2 class=\"slide-title title-light animated3\">O futuro da sua empresa come\u00e7a pela contrata\u00e7\u00e3o<\/h2>\r\n                                                                            <h3 class=\"slide-sub-title animated3\">das pessoas certas<\/h3>\r\n                                    \t\t\t\t\t\t\t\t<p class=\"slider-description lead animated3\">MaxCam RH \u00e9 um inovador sistema para Recrutamento e Sele\u00e7\u00e3o. N\u00f3s utilizamos os conceitos mais modernos de Intelig\u00eancia Artificial e Big Data para selecionar o melhor candidato para sua organiza\u00e7\u00e3o.<\/p>\r\n\t\t\t\t\t\t\t\t\t\t\t\t\t\t\t\t\t\t<p class=\"animated3\">\r\n\t\t\t\t\t\t\t\t\t\t\t\t\t\t\t\t\t\t\t<a target=\"\" href=\"\" class=\"slider default\">  <\/a>\r\n\t\t\t\t\t\t\t\t\t\t\t\t\t\t\t\t\t\t\t<a target=\"\" href=\"\" class=\"slider default\">  <\/a>\r\n\t\t\t\t\t\t\t\t\t\r\n\t\t\t\t\t\t\t\t<\/p>        \r\n\t\t\t\t\t\t\t<\/div><!-- Col end -->\r\n\t\t\t\t\t\t<\/div><!-- Slider content end -->\r\n\t\t\t\t\t<\/div><!--Container end -->\r\n\t\t\t\t<\/div><!--\/ Carousel item 1 end -->\r\n\t\t\t\t\t\t\t\t\t\t<div class=\"item  \" style=\"background-image:url(\/\/www.maxcamrh.com.br\/wp-content\/uploads\/2018\/02\/bg2.jpg)\">\r\n\t\t\t\t\t<div class=\"container\">\r\n\t\t\t\t\t\t<div class=\"slider-content text-left \">\r\n\t\t\t\t\t\t\t<div class=\"col-md-12\">\r\n                                                                    <h2 class=\"slide-title title-light animated3\">Nossa miss\u00e3o \u00e9 ajudar sua empresa maximizar resultados<\/h2>\r\n                                                                            <h3 class=\"slide-sub-title animated3\">Solu\u00e7\u00f5es assertivas para sua equipe de trabalho<\/h3>\r\n                                    \t\t\t\t\t\t\t\t<p class=\"slider-description lead animated3\">Melhore as avalia\u00e7\u00f5es e a performance dos seus colaboradores.<\/p>\r\n\t\t\t\t\t\t\t\t\t\t\t\t\t\t\t\t\t\t<p class=\"animated3\">\r\n\t\t\t\t\t\t\t\t\t\t\t\t\t\t\t\t\t\t\t<a target=\"\" href=\"\" class=\"slider default\">  <\/a>\r\n\t\t\t\t\t\t\t\t\t\t\t\t\t\t\t\t\t\t\t<a target=\"\" href=\"\" class=\"slider default\">  <\/a>\r\n\t\t\t\t\t\t\t\t\t\r\n\t\t\t\t\t\t\t\t<\/p>        \r\n\t\t\t\t\t\t\t<\/div><!-- Col end -->\r\n\t\t\t\t\t\t<\/div><!-- Slider content end -->\r\n\t\t\t\t\t<\/div><!--Container end -->\r\n\t\t\t\t<\/div><!--\/ Carousel item 1 end -->\r\n\t\t\t\t\t\t\t\t\t\t<div class=\"item  \" style=\"background-image:url(\/\/www.maxcamrh.com.br\/wp-content\/uploads\/2018\/01\/bg3.jpg)\">\r\n\t\t\t\t\t<div class=\"container\">\r\n\t\t\t\t\t\t<div class=\"slider-content text-left \">\r\n\t\t\t\t\t\t\t<div class=\"col-md-12\">\r\n                                                                    <h2 class=\"slide-title title-light animated3\">Tenha foco em outros setores do RH<\/h2>\r\n                                                                            <h3 class=\"slide-sub-title animated3\">N\u00f3s fazemos o trabalho pesado<\/h3>\r\n                                    \t\t\t\t\t\t\t\t<p class=\"slider-description lead animated3\">Com nossa tecnologia, n\u00f3s escolhemos o melhor candidato para sua organiza\u00e7\u00e3o, baseado em suas estrat\u00e9gias, valores, miss\u00e3o, vis\u00e3o e caracter\u00edsticas da lideran\u00e7a.<\/p>\r\n\t\t\t\t\t\t\t\t\t\t\t\t\t\t\t\t\t\t<p class=\"animated3\">\r\n\t\t\t\t\t\t\t\t\t\t\t\t\t\t\t\t\t\t\t<a target=\"_self\" href=\"http:\/\/www.maxcamrh.com.br\/?page_id=2006\" class=\"slider btn btn-primary\">  Nossos servi\u00e7os<\/a>\r\n\t\t\t\t\t\t\t\t\t\t\t\t\t\t\t\t\t\t\t<a target=\"_self\" href=\"http:\/\/www.maxcamrh.com.br\/?page_id=184\" class=\"slider btn btn-border\">  Contate-nos<\/a>\r\n\t\t\t\t\t\t\t\t\t\r\n\t\t\t\t\t\t\t\t<\/p>        \r\n\t\t\t\t\t\t\t<\/div><!-- Col end -->\r\n\t\t\t\t\t\t<\/div><!-- Slider content end -->\r\n\t\t\t\t\t<\/div><!--Container end -->\r\n\t\t\t\t<\/div><!--\/ Carousel item 1 end -->\r\n\t\t\t\t\t\t\t\t\t<\/div><!-- Carousel inner end-->\r\n\r\n\t\t<!-- Indicators -->\r\n\t\t<ol class=\"carousel-indicators\">\r\n\t\t\t<li data-target=\"#main-slide\" data-slide-to=\"0\" class=\"active\"><\/li><li data-target=\"#main-slide\" data-slide-to=\"1\" class=\" \"><\/li><li data-target=\"#main-slide\" data-slide-to=\"2\" class=\" \"><\/li>\t\t<\/ol>\r\n\r\n\t\t<!-- Controls -->\r\n\t\t<a class=\"left main-slide carousel-control\" href=\"#main-slide\" data-slide=\"prev\">\r\n\t\t\t<span><i class=\"fa fa-angle-left\"><\/i><\/span>\r\n\t\t<\/a>\r\n\t\t<a class=\"right main-slide carousel-control\" href=\"#main-slide\" data-slide=\"next\">\r\n\t\t\t<span><i class=\"fa fa-angle-right\"><\/i><\/span>\r\n\t\t<\/a>\r\n\t<\/div><!--\/ Carousel end --> \r\n\r\n\r\n\r\n\r\n\t<script>\r\n\t\t\/\/slider js\r\n\t\tjQuery( document ).ready( function ( $ ) {\r\n\r\n\t\t\t$( '#main-slide' ).carousel( {\r\n\t\t\t\tpause: true,\r\n\t\t\t\tinterval: 100000,\r\n\t\t\t} );\r\n\t\t} );\r\n\t<\/script>\r\n\r\n\t\t<\/div>\r\n    <\/div>\r\n<\/div>\r\n<\/div>\n\n    <\/div>\r\n<\/section>\r\n\r\n<section  id=\"xs-sec-0c6bafd3\" class=\"fw-main-row   xs-sc-0c6bafd3 bg-pattern2  \"  >\r\n\t<div class=\"xs-main-overlay\"><\/div>\r\n\r\n    <div class=\"fw-container\">\r\n\t\t<div class=\"fw-row\">\n\t<div class=\"fw-col-inner\">\r\n<div id=\"xs-col-2ac083dc\" class=\"fw-col-md-12     xs-sc-2ac083dc    \">\r\n    <div class=\"fw-main-row\">\r\n\t\t\t\t<div class=\"fw-col-inner\">\r\n\t\t\t\r\n<div class=\"heading  xs-heading-8bb1f6e4 text-center  \">\r\n\t<h2  class='xs-title section-title'> Quem somos  <\/h2><\/div>\r\n<div class=\"xs-text-block  xs-text-block-ad5f9977\">\r\n\t<p>A MaxCam RH surgiu do trabalho de mais de 21 anos na \u00e1rea de gest\u00e3o de pessoas e consultoria para empresas nacionais e multinacionais.<\/p><p>Em 1997 tivemos a primeira oportunidade de fazer um grande processo seletivo que envolviam mais de 400 funcion\u00e1rios para uma empresa de garrafas t\u00e9rmicas no sul de Minas Gerais. Entrevistamos candidatos de 14 cidades diferentes das 7 da manh\u00e3 \u00e0 meia noite, jovens que tinham o sonho de trabalhar em uma cidade maior e ter o seu primeiro emprego em uma empresa de grande porte, dali para frente os nossos<br \/>olhos brilharam, pois sentimos claramente que poder\u00edamos ajudar tanto as empresas quanto profissionais a atingirem seus objetivos e transformar<br \/>seus sonhos em realidade.<\/p><p>E a paix\u00e3o n\u00e3o parou mais, nestes 21 anos atuamos em consultoria e treinamento para grandes empresas como Prevent TWB, Arteris SA, Cooper Power Systems, Alcooa, Mahle SA, Totvs, Grupo Benner, Grupo Microlins, Sebrae, Sest Senat, Fisk, Objetivo, Wizard e centenas de empresas de empresas em todo Brasil, sempre com foco em auxiliar empres\u00e1rios e executivos a encontrarem as pessoas certas e desenvolver estas pessoas para o m\u00e1ximo sucesso.<\/p><p>Percebemos claramente que podemos contribuir ainda mais para que empresas e funcion\u00e1rios possam fazer o casamento perfeito e multiplicar resultados.<\/p><p>Desde 2008, ap\u00f3s um de nossos fundadores exercer o papel de diretor geral em uma f\u00e1brica de componentes e produtos eletr\u00f4nicos no sul de Minas Gerais. Come\u00e7amos a desenvolver pesquisas sobre comportamento humano, compreendendo o porque muitas pessoas com alta capacidade acabavam se perdendo em comportamentos estranhos que minavam sua produtividade e faziam que estas pessoas talentosas perdessem seus empregos, sendo assim,\u00a0 buscamos um arsenal de testes comportamentais<br \/>para entender a fundo a mente, os sentimentos, as atitudes de todas as pessoas. Nestes 10 anos realizamos mais de 63.483 Testes Comportamentais, cruzando dados, interpretando e chegando a conclus\u00f5es poderosas sobre personalidade, energia pessoal, pensamentos, sentimentos, atitudes com e sem press\u00e3o, ou seja, conseguimos *atrav\u00e9s de expertise e ferramentas de Big Data e Intelig\u00eancia Artificial* desenvolver um conjunto de testes que desnudam at\u00e9 mesmo os comportamentos que a pessoa desconhece que possui, \u00e9 algo com assertividade que se aproxima de 96,7%<\/p><p>Este m\u00e9todo poderoso \u00e9 composto por 512 programas de Assessment (testes comportamentais) que podem ser utilizados para evolu\u00e7\u00e3o comportamental, mas principalmente para selecionar as pessoas certas para os lugares certos, profissionais que v\u00e3o gerar muito mais lucratividade para os clientes, al\u00e9m de trabalharem mais felizes, pois esta metodologia<br \/>que demos o nome de \"Intelig\u00eancia Multidimensional\" \u00e9 capaz de casar os desejos do candidato com o clima organizacional da empresa, podemos afirmar categoricamente *que criamos no Brasil um dos melhores m\u00e9todos do mundo para recrutamento, sele\u00e7\u00e3o e desenvolvimento humano.<\/p><\/div>\t\t<\/div>\r\n    <\/div>\r\n<\/div>\r\n<\/div>\n\n    <\/div>\r\n<\/section>\r\n\r\n<section  id=\"xs-sec-37b5a192\" class=\"fw-main-row   xs-sc-37b5a192   section-padding\"  >\r\n\t<div class=\"xs-main-overlay\"><\/div>\r\n\r\n    <div class=\"fw-container\">\r\n\t\t<div class=\"fw-row\">\n\t<div class=\"fw-col-inner\">\r\n<div id=\"xs-col-c47c388d\" class=\"fw-col-md-12     xs-sc-c47c388d    \">\r\n    <div class=\"fw-main-row\">\r\n\t\t\t\t<div class=\"fw-col-inner\">\r\n\t\t\t\r\n<div class=\"heading  xs-heading-a623081f text-center  \">\r\n\t<h2  class='xs-title section-title'> Nossa equipe  <\/h2><\/div>\r\n\t\t<\/div>\r\n    <\/div>\r\n<\/div>\r\n<\/div>\n\n<div class=\"fw-row\">\n\t<div class=\"fw-col-inner\">\r\n<div id=\"xs-col-b45c4271\" class=\"fw-col-md-4     xs-sc-b45c4271    \">\r\n    <div class=\"fw-main-row\">\r\n\t\t\t\t<div class=\"fw-col-inner\">\r\n\t\t\t\r\n\r\n\t<div class=\"ts-team-wrapper\">\r\n\t\t<div class=\"team-img-wrapper\">\r\n\t\t\t\t\t\t\t<img decoding=\"async\" src=\"\/\/www.maxcamrh.com.br\/wp-content\/uploads\/2018\/03\/foto_perfil.png\" alt=\"Daniel Moreira\">\r\n\t\t\t\t\t<\/div><!--Image end -->\r\n\t\t<div class=\"ts-team-content\">\r\n\t\t\t\t\t\t\t<h3 class=\"team-name\">Daniel Moreira<\/h3>\r\n\t\t\t\r\n\t\t\t\t\t\t\t<p class=\"team-designation\"> S\u00f3cio Fundador<\/p>\r\n\t\t\t\t\t<\/div><!-- Team content end -->\r\n\t\t<div class=\"team-social-icons\">\r\n\t\t\t\t\t\t\t\t\t\t\t\t<a href=\"https:\/\/www.facebook.com\/danielmoreirabraga\" target=\"_blank\"><i class=\"fa fa-facebook\"><\/i><\/a>\r\n\t\t\t\t\t\t\t\t\t\t\t\t\t\t\t\t<a href=\"https:\/\/www.linkedin.com\/in\/danielmoreirabraga\" target=\"_blank\"><i class=\"fa fa-linkedin\"><\/i><\/a>\r\n\t\t\t\t\t\t\t\t\t<\/div>\r\n\t<\/div>\r\n\r\n\t\t<\/div>\r\n    <\/div>\r\n<\/div>\r\n<div class=\"fw-col-inner\">\r\n<div id=\"xs-col-880b3d4e\" class=\"fw-col-md-4     xs-sc-880b3d4e    \">\r\n    <div class=\"fw-main-row\">\r\n\t\t\t\t<div class=\"fw-col-inner\">\r\n\t\t\t\r\n\r\n\t<div class=\"ts-team-wrapper\">\r\n\t\t<div class=\"team-img-wrapper\">\r\n\t\t\t\t\t\t\t<img decoding=\"async\" src=\"\/\/www.maxcamrh.com.br\/wp-content\/uploads\/2018\/03\/ahlex-perfil.jpg\" alt=\"Ahlex Van Der All\">\r\n\t\t\t\t\t<\/div><!--Image end -->\r\n\t\t<div class=\"ts-team-content\">\r\n\t\t\t\t\t\t\t<h3 class=\"team-name\">Ahlex Van Der All<\/h3>\r\n\t\t\t\r\n\t\t\t\t\t\t\t<p class=\"team-designation\">S\u00f3cio Fundador<\/p>\r\n\t\t\t\t\t<\/div><!-- Team content end -->\r\n\t\t<div class=\"team-social-icons\">\r\n\t\t\t\t\t\t\t\t\t\t\t\t<a href=\"#\" target=\"_blank\"><i class=\"fa fa-facebook\"><\/i><\/a>\r\n\t\t\t\t\t\t\t\t\t\t\t\t\t\t\t\t<a href=\"#\" target=\"_blank\"><i class=\"fa fa-linkedin\"><\/i><\/a>\r\n\t\t\t\t\t\t\t\t\t<\/div>\r\n\t<\/div>\r\n\r\n\t\t<\/div>\r\n    <\/div>\r\n<\/div>\r\n<div class=\"fw-col-inner\">\r\n<div id=\"xs-col-466e1f88\" class=\"fw-col-md-4     xs-sc-466e1f88    \">\r\n    <div class=\"fw-main-row\">\r\n\t\t\t\t<div class=\"fw-col-inner\">\r\n\t\t\t\r\n\r\n\t<div class=\"ts-team-wrapper\">\r\n\t\t<div class=\"team-img-wrapper\">\r\n\t\t\t\t\t\t\t<img decoding=\"async\" src=\"\/\/www.maxcamrh.com.br\/wp-content\/uploads\/2018\/03\/Thiago_Moreira.png\" alt=\"Thiago Braga\">\r\n\t\t\t\t\t<\/div><!--Image end -->\r\n\t\t<div class=\"ts-team-content\">\r\n\t\t\t\t\t\t\t<h3 class=\"team-name\">Thiago Braga<\/h3>\r\n\t\t\t\r\n\t\t\t\t\t\t\t<p class=\"team-designation\">Gerente de Atendimento<\/p>\r\n\t\t\t\t\t<\/div><!-- Team content end -->\r\n\t\t<div class=\"team-social-icons\">\r\n\t\t\t\t\t\t\t\t\t\t\t\t<a href=\"https:\/\/www.linkedin.com\/in\/thiago-moreira-057771125\/\" target=\"_blank\"><i class=\"fa fa-linkedin\"><\/i><\/a>\r\n\t\t\t\t\t\t\t\t\t<\/div>\r\n\t<\/div>\r\n\r\n\t\t<\/div>\r\n    <\/div>\r\n<\/div>\r\n<\/div>\n\n    <\/div>\r\n<\/section>\r\n\r\n<section  id=\"xs-sec-3832556b\" class=\"fw-main-row parallax-section  xs-sc-3832556b   \"  >\r\n\t<div class=\"xs-main-overlay\"><\/div>\r\n\r\n    <div class=\"fw-container\">\r\n\t\t<div class=\"fw-row\">\n\t<div class=\"fw-col-inner\">\r\n<div id=\"xs-col-a89b183e\" class=\"fw-col-md-6     xs-sc-a89b183e get_quote_form   \">\r\n    <div class=\"fw-main-row\">\r\n\t\t\t\t<div class=\"fw-col-inner\">\r\n\t\t\t<div class=\"xs-text-block  xs-text-block-778d81b6\">\r\n\t<p>\n<div class=\"wpcf7 no-js\" id=\"wpcf7-f1313-o1\" lang=\"en-US\" dir=\"ltr\" data-wpcf7-id=\"1313\">\n<div class=\"screen-reader-response\"><p role=\"status\" aria-live=\"polite\" aria-atomic=\"true\"><\/p> <ul><\/ul><\/div>\n<form action=\"\/index.php?rest_route=%2Fwp%2Fv2%2Fpages%2F1910#wpcf7-f1313-o1\" method=\"post\" class=\"wpcf7-form init\" aria-label=\"Contact form\" novalidate=\"novalidate\" data-status=\"init\">\n<div style=\"display: none;\">\n<input type=\"hidden\" name=\"_wpcf7\" value=\"1313\" \/>\n<input type=\"hidden\" name=\"_wpcf7_version\" value=\"6.0.6\" \/>\n<input type=\"hidden\" name=\"_wpcf7_locale\" value=\"en_US\" \/>\n<input type=\"hidden\" name=\"_wpcf7_unit_tag\" value=\"wpcf7-f1313-o1\" \/>\n<input type=\"hidden\" name=\"_wpcf7_container_post\" value=\"0\" \/>\n<input type=\"hidden\" name=\"_wpcf7_posted_data_hash\" value=\"\" \/>\n<input type=\"hidden\" name=\"_wpcf7_recaptcha_response\" value=\"\" \/>\n<\/div>\n<div class=\"ts_quote_form\">\n\t<h2 class=\"column-title title-white\"><span>N\u00f3s sempre estamos prontos<\/span> Solicite um contato\n\t<\/h2>\n\t<div class=\"row\">\n\t\t<div class=\"col-md-12\">\n\t\t\t<p><span class=\"wpcf7-form-control-wrap\" data-name=\"nome\"><input size=\"40\" maxlength=\"400\" class=\"wpcf7-form-control wpcf7-text wpcf7-validates-as-required\" aria-required=\"true\" aria-invalid=\"false\" placeholder=\"Nome\" value=\"\" type=\"text\" name=\"nome\" \/><\/span>\n\t\t\t<\/p>\n\t\t<\/div>\n\t\t<div class=\"col-md-12\">\n\t\t\t<p><span class=\"wpcf7-form-control-wrap\" data-name=\"email2\"><input size=\"40\" maxlength=\"400\" class=\"wpcf7-form-control wpcf7-email wpcf7-validates-as-required wpcf7-text wpcf7-validates-as-email\" aria-required=\"true\" aria-invalid=\"false\" placeholder=\"E-mail\" value=\"\" type=\"email\" name=\"email2\" \/><\/span>\n\t\t\t<\/p>\n\t\t<\/div>\n\t\t<div class=\"col-md-12\">\n\t\t\t<p><span class=\"wpcf7-form-control-wrap\" data-name=\"tel\"><input size=\"40\" maxlength=\"400\" class=\"wpcf7-form-control wpcf7-text wpcf7-validates-as-required\" aria-required=\"true\" aria-invalid=\"false\" placeholder=\"Telefone\" value=\"\" type=\"text\" name=\"tel\" \/><\/span>\n\t\t\t<\/p>\n\t\t<\/div>\n\t\t<div class=\"col-md-12\">\n\t\t\t<p><span class=\"wpcf7-form-control-wrap\" data-name=\"empresa\"><input size=\"40\" maxlength=\"400\" class=\"wpcf7-form-control wpcf7-text wpcf7-validates-as-required\" aria-required=\"true\" aria-invalid=\"false\" placeholder=\"Empresa\" value=\"\" type=\"text\" name=\"empresa\" \/><\/span>\n\t\t\t<\/p>\n\t\t<\/div>\n\t\t<div class=\"col-md-12\">\n\t\t\t<p><span class=\"wpcf7-form-control-wrap\" data-name=\"textoarea\"><textarea cols=\"40\" rows=\"4\" maxlength=\"2000\" class=\"wpcf7-form-control wpcf7-textarea\" aria-invalid=\"false\" placeholder=\"Mensagem\" name=\"textoarea\"><\/textarea><\/span>\n\t\t\t<\/p>\n\t\t\t<p><input class=\"wpcf7-form-control wpcf7-submit has-spinner btn btn-primary\" type=\"submit\" value=\"Enviar Mensagem\" \/>\n\t\t\t<\/p>\n\t\t<\/div>\n\t<\/div>\n<\/div><p style=\"display: none !important;\" class=\"akismet-fields-container\" data-prefix=\"_wpcf7_ak_\"><label>&#916;<textarea name=\"_wpcf7_ak_hp_textarea\" cols=\"45\" rows=\"8\" maxlength=\"100\"><\/textarea><\/label><input type=\"hidden\" id=\"ak_js_1\" name=\"_wpcf7_ak_js\" value=\"204\"\/><script>document.getElementById( \"ak_js_1\" ).setAttribute( \"value\", ( new Date() ).getTime() );<\/script><\/p><div class=\"wpcf7-response-output\" aria-hidden=\"true\"><\/div>\n<\/form>\n<\/div>\n<\/p><\/div>\t\t<\/div>\r\n    <\/div>\r\n<\/div>\r\n<div class=\"fw-col-inner\">\r\n<div id=\"xs-col-4fcc4dbb\" class=\"fw-col-md-6     xs-sc-4fcc4dbb    \">\r\n    <div class=\"fw-main-row\">\r\n\t\t\t\t<div class=\"fw-col-inner\">\r\n\t\t\t\r\n\r\n    \t\t<div id=\"testimonial-slide\" class=\"owl-carousel owl-theme testimonial-slide\">\r\n\t\t\t\t\t\t<div class=\"item\">\r\n\t\t\t\t<div class=\"quote-item\">\r\n\t\t\t\t\t\t\t\t\t\t<p class=\"quote-text\">\r\n\t\t\t\t\t\t\t... desde 2016 nos auxiliam em todas as contrata\u00e7\u00f5es do escrit\u00f3rio, com 100% de acerto...\t\t\t\t\t\t<\/p>\r\n\t\t\t\t\t\t\t\t\t<div class=\"quote-item-footer\">\r\n\t\t\t\t\t\t\t\t\t\t\t\t<img decoding=\"async\" class=\"testimonial-thumb\" src=\"\/\/www.maxcamrh.com.br\/wp-content\/uploads\/2018\/04\/jessica_barros_grupo_maximuns.jpg\" alt=\"Jessica Barros\">\r\n\t\t\t\t\t\t\t\t\t\t\t<div class=\"quote-item-info\">\r\n\t\t\t\t\t\t\t\t\t\t\t\t\t<h3 class=\"quote-author\">Jessica Barros\t\t\t\t\t\t\t\t<span class=\"quote-subtext\">\r\n\t\t\t\t\t\t\t\t\tDiretora RH - Greco, Rodrigues e Vizentim Advogados<\/span>\r\n\t\t\t\t\t\t\t<\/h3>\r\n\t\t\t\t\t\t\t\t\t\t\t\t<\/div><!-- Quote info end -->\r\n\t\t\t\t<\/div><!-- Quote item footer end -->\r\n\t\t\t\t<\/div><!-- Quote item end -->\r\n\t\t\t<\/div><!--\/ Item end -->\r\n\t\t\t\t\t\t<div class=\"item\">\r\n\t\t\t\t<div class=\"quote-item\">\r\n\t\t\t\t\t\t\t\t\t\t<p class=\"quote-text\">\r\n\t\t\t\t\t\t\t... primeiro conheceram o ambiente, como a escola funcionava e durante a consultoria nos orientaram como contratar os professores.\t\t\t\t\t\t<\/p>\r\n\t\t\t\t\t\t\t\t\t<div class=\"quote-item-footer\">\r\n\t\t\t\t\t\t\t\t\t\t\t\t<img decoding=\"async\" class=\"testimonial-thumb\" src=\"\/\/www.maxcamrh.com.br\/wp-content\/uploads\/2018\/04\/ana_cristina_grupo_maximuns.jpg\" alt=\"Ana Cristina\">\r\n\t\t\t\t\t\t\t\t\t\t\t<div class=\"quote-item-info\">\r\n\t\t\t\t\t\t\t\t\t\t\t\t\t<h3 class=\"quote-author\">Ana Cristina\t\t\t\t\t\t\t\t<span class=\"quote-subtext\">\r\n\t\t\t\t\t\t\t\t\tS\u00f3cia Diretora - Col\u00e9gio Jos\u00e9 Vasconcellos Filho<\/span>\r\n\t\t\t\t\t\t\t<\/h3>\r\n\t\t\t\t\t\t\t\t\t\t\t\t<\/div><!-- Quote info end -->\r\n\t\t\t\t<\/div><!-- Quote item footer end -->\r\n\t\t\t\t<\/div><!-- Quote item end -->\r\n\t\t\t<\/div><!--\/ Item end -->\r\n\t\t\t\t\t<\/div><!--\/ Testimonial carousel end-->\r\n\r\n\t\t\t\t<\/div>\r\n    <\/div>\r\n<\/div>\r\n<\/div>\n\n    <\/div>\r\n<\/section>\r\n\r\n<section  id=\"xs-sec-6508000c\" class=\"fw-main-row   xs-sc-6508000c   \"  >\r\n\t<div class=\"xs-main-overlay\"><\/div>\r\n\r\n    <div class=\"fw-container-fluid\">\r\n\t\t<div class=\"fw-row\">\n\t<div class=\"fw-col-inner\">\r\n<div id=\"xs-col-23ba0ac6\" class=\"fw-col-md-12     xs-sc-23ba0ac6  xs-col-no-padding text-center \">\r\n    <div class=\"fw-main-row\">\r\n\t\t\t\t<div class=\"fw-col-inner\">\r\n\t\t\t<div class=\"xs-text-block  xs-text-block-e1145d00\">\r\n\t<p><iframe loading=\"lazy\" style=\"border: 0;\" src=\"https:\/\/www.google.com\/maps\/embed?pb=!1m18!1m12!1m3!1d3657.8571688339302!2d-46.547101385022636!3d-23.53763908469469!2m3!1f0!2f0!3f0!3m2!1i1024!2i768!4f13.1!3m3!1m2!1s0x94ce5e687414ebcf%3A0x5aa6f895be59b289!2sRua+General+Sousa+Neto%2C+397+-+Vila+Aricanduva%2C+S%C3%A3o+Paulo+-+SP%2C+03502-020!5e0!3m2!1spt-BR!2sbr!4v1541197802804\" width=\"1980\" height=\"450\" frameborder=\"0\" allowfullscreen=\"allowfullscreen\"><\/iframe><\/p><\/div>\t\t<\/div>\r\n    <\/div>\r\n<\/div>\r\n<\/div>\n\n    <\/div>\r\n<\/section>\r\n\r\n<\/p>\n","protected":false},"excerpt":{"rendered":"<p>O futuro da sua empresa come\u00e7a pela contrata\u00e7\u00e3o das pessoas certas MaxCam RH \u00e9 um inovador sistema para Recrutamento e Sele\u00e7\u00e3o. N\u00f3s utilizamos os conceitos mais modernos de Intelig\u00eancia Artificial e Big Data para selecionar o melhor candidato para sua organiza\u00e7\u00e3o. Nossa miss\u00e3o \u00e9 ajudar sua empresa maximizar resultados Solu\u00e7\u00f5es assertivas para sua equipe de [&hellip;]<\/p>\n","protected":false},"author":1,"featured_media":0,"parent":0,"menu_order":0,"comment_status":"closed","ping_status":"closed","template":"template\/template-builder.php","meta":{"two_page_speed":[],"footnotes":""},"class_list":["post-1910","page","type-page","status-publish","hentry"],"_links":{"self":[{"href":"https:\/\/www.maxcamrh.com.br\/index.php?rest_route=\/wp\/v2\/pages\/1910","targetHints":{"allow":["GET"]}}],"collection":[{"href":"https:\/\/www.maxcamrh.com.br\/index.php?rest_route=\/wp\/v2\/pages"}],"about":[{"href":"https:\/\/www.maxcamrh.com.br\/index.php?rest_route=\/wp\/v2\/types\/page"}],"author":[{"embeddable":true,"href":"https:\/\/www.maxcamrh.com.br\/index.php?rest_route=\/wp\/v2\/users\/1"}],"replies":[{"embeddable":true,"href":"https:\/\/www.maxcamrh.com.br\/index.php?rest_route=%2Fwp%2Fv2%2Fcomments&post=1910"}],"version-history":[{"count":14,"href":"https:\/\/www.maxcamrh.com.br\/index.php?rest_route=\/wp\/v2\/pages\/1910\/revisions"}],"predecessor-version":[{"id":2570,"href":"https:\/\/www.maxcamrh.com.br\/index.php?rest_route=\/wp\/v2\/pages\/1910\/revisions\/2570"}],"wp:attachment":[{"href":"https:\/\/www.maxcamrh.com.br\/index.php?rest_route=%2Fwp%2Fv2%2Fmedia&parent=1910"}],"curies":[{"name":"wp","href":"https:\/\/api.w.org\/{rel}","templated":true}]}}