{"id":1991,"date":"2018-04-20T13:09:37","date_gmt":"2018-04-20T16:09:37","guid":{"rendered":"http:\/\/www.maxcamrh.com.br\/?page_id=1991"},"modified":"2018-11-02T19:45:59","modified_gmt":"2018-11-02T22:45:59","slug":"franquia","status":"publish","type":"page","link":"https:\/\/www.maxcamrh.com.br\/?page_id=1991","title":{"rendered":"Franquia"},"content":{"rendered":"<p><section  id=\"xs-sec-11d38f79\" class=\"fw-main-row   xs-sc-11d38f79   \"  >\r\n\t<div class=\"xs-main-overlay\"><\/div>\r\n\r\n    <div class=\"fw-container\">\r\n\t\t<div class=\"fw-row\">\n\t<div class=\"fw-col-inner\">\r\n<div id=\"xs-col-d2e3f170\" class=\"fw-col-md-12     xs-sc-d2e3f170    \">\r\n    <div class=\"fw-main-row\">\r\n\t\t\t\t<div class=\"fw-col-inner\">\r\n\t\t\t\r\n<div class=\"heading  xs-heading-fa184abf text-center  heading_margin\">\r\n\t<h3  class='xs-title section-title'><span class='shortheading'>Envie-nos uma mensagem<\/span> Entre em contato para receber uma apresenta\u00e7\u00e3o do modelo de Franquia  <\/h3><\/div>\r\n\t\t<\/div>\r\n    <\/div>\r\n<\/div>\r\n<\/div>\n\n<div class=\"fw-row\">\n\t<div class=\"fw-col-inner\">\r\n<div id=\"xs-col-d2e3f170\" class=\"fw-col-md-12     xs-sc-d2e3f170    \">\r\n    <div class=\"fw-main-row\">\r\n\t\t\t\t<div class=\"fw-col-inner\">\r\n\t\t\t<div class=\"xs-text-block  xs-text-block-5b6f6190\">\r\n\t<p>Oportunidade para Empreendedores de Sucesso. Seja Nosso Franquiado!<\/p><p>Estamos abrindo uma oportunidade exclusiva para empreendedores de todo Brasil terem acesso ao nosso projeto de Franquias Beta MaxCam RH, voc\u00ea que \u00e9 ousado, decidido e quer fazer parte de um grupo seleto de pessoas que escolheram a liberdade de escolha como premissa de vida, esta \u00e9 sua oportunidade de ter seu neg\u00f3cio pr\u00f3prio com baix\u00edssimo investimento e capital de giro.<\/p><p>Na Franquia Beta MaxCam RH, voc\u00ea tem apenas o trabalho de indicar e fechar com os clientes, e n\u00f3s fazemos todo trabalho duro do Recrutamento e Sele\u00e7\u00e3o, que vai desde a divulga\u00e7\u00e3o das vagas em mais de 20 canais parceiros, fazer a triagem de curr\u00edculos, levantar a cultura organizacional da empresa, fazer todo desenho do cargo atrav\u00e9s de BIG Data. Compreender os desejos e o padr\u00e3o mental dos gestores da empresa contratante, convocar os melhores candidatos, avaliar o profissional atrav\u00e9s de assessments exclusivos de Intelig\u00eancia Multidimensional (exclusivo), checar refer\u00eancias dos candidatos, apresentar os candidatos para empresa e ainda dar garantias de um novo processo seletivo caso o profissional n\u00e3o se adapte no trabalho ou a empresa n\u00e3o fique satisfeita com os candidatos apresentados, al\u00e9m de orientar o contratante de como fazer a gest\u00e3o do novo contratado, mentoring posterior com o candidato e com o gestor, caso haja necessidade de alinhamento para melhor performance e comportamento do colaborador no novo emprego.<\/p><p>Al\u00e9m destes servi\u00e7os, a MaxCam RH possui diversos outros servi\u00e7os na \u00e1rea de Gest\u00e3o de Pessoas, Hunting, Treinamentos Comportamentais, Treinamentos T\u00e9cnicos, Consultoria na \u00e1rea de gest\u00e3o, Universidade Corporativa dentro da empresa contratante, mentoring para executivos, programas de evolu\u00e7\u00e3o de performance, forma\u00e7\u00e3o e desenvolvimento de l\u00edderes e ainda terapia hol\u00edstica multidimensional, todos com alt\u00edssima lucratividade.<\/p><p>Seja bem-vindo ao sucesso. Expectativa de Lucro L\u00edquido Mensal entre R$ 23.100 a 64.500,00 ap\u00f3s 18 meses.<\/p><p>Diferenciais:<\/p><p>- Baixo Investimento de Ades\u00e3o: Entre R$ 8.000,00 a R$ 25.000,00;<\/p><p>- Payback R\u00e1pido e Efetivo: Em menos ano voc\u00ea recupera todo capital investido;<\/p><p>- Treinamento e suporte online para sanar todas as d\u00favidas;<\/p><p>- Gestores do Projeto e dos Processos com mais de 21 anos de experi\u00eancia em Gest\u00e3o de Pessoas;<\/p><p>- Equipe 24h na gest\u00e3o do processo de recrutamento e sele\u00e7\u00e3o;<\/p><p>- Metodologia de Sele\u00e7\u00e3o atrav\u00e9s de Intelig\u00eancia Artificial, Big Data e Intelig\u00eancia Multidimensional, que garantem 96,7% de assertividade no processo seletivo;<\/p><p>- Orienta\u00e7\u00e3o exclusiva p\u00f3s recrutamento e sele\u00e7\u00e3o tanto para o candidato quanto para a empresa para garantir o sucesso do projeto;<\/p><p>- Trabalhamos desde o operacional ao altamente estrat\u00e9gico, buscamos profissionais especiais (vagas complexas), bem como recrutamento de C-levels.<\/p><p>- Maior linha de produtos e servi\u00e7os de gest\u00e3o, desde o recrutamento a uma consultoria global de gest\u00e3o ou ainda universidade corporativa.<\/p><\/div>\t\t<\/div>\r\n    <\/div>\r\n<\/div>\r\n<\/div>\n\n    <\/div>\r\n<\/section>\r\n\r\n<section  id=\"xs-sec-82cba4f7\" class=\"fw-main-row   xs-sc-82cba4f7   \"  >\r\n\t<div class=\"xs-main-overlay\"><\/div>\r\n\r\n    <div class=\"fw-container\">\r\n\t\t<div class=\"fw-row\">\n\t<div class=\"fw-col-inner\">\r\n<div id=\"xs-col-e407cb66\" class=\"fw-col-md-4     xs-sc-e407cb66    \">\r\n    <div class=\"fw-main-row\">\r\n\t\t\t\t<div class=\"fw-col-inner\">\r\n\t\t\t\t<div class = \"ts-contact-info box-border \">\r\n\t\t\t\t\t<span class=\"ts-contact-icon pull-left\">\r\n\t\t\t\t<i class=\"icon icon-envelope2\"><\/i>\r\n\t\t\t<\/span>\r\n\t\t\t\t<div class = \"ts-contact-content\">\r\n\t\t\t\t\t\t\t<h3 class=\"ts-contact-title\">E-mail<\/h3>\r\n\t\t\t\r\n\t\t\t\t\t\t\t<p>contato@maxcamrh.com.br<\/p>\r\n\t\t\t\t\t<\/div><!-- Contact content end -->\r\n\t<\/div><!--\/ End Contact info 1-->\r\n\r\n\t\t<\/div>\r\n    <\/div>\r\n<\/div>\r\n<div class=\"fw-col-inner\">\r\n<div id=\"xs-col-4e434d9a\" class=\"fw-col-md-4     xs-sc-4e434d9a    \">\r\n    <div class=\"fw-main-row\">\r\n\t\t\t\t<div class=\"fw-col-inner\">\r\n\t\t\t\t<div class = \"ts-contact-info box-border \">\r\n\t\t\t\t\t<span class=\"ts-contact-icon pull-left\">\r\n\t\t\t\t<i class=\"icon icon-phone3\"><\/i>\r\n\t\t\t<\/span>\r\n\t\t\t\t<div class = \"ts-contact-content\">\r\n\t\t\t\t\t\t\t<h3 class=\"ts-contact-title\">Telefone<\/h3>\r\n\t\t\t\r\n\t\t\t\t\t\t\t<p>+55(11)  3624-4985<\/p>\r\n\t\t\t\t\t<\/div><!-- Contact content end -->\r\n\t<\/div><!--\/ End Contact info 1-->\r\n\r\n\t\t<\/div>\r\n    <\/div>\r\n<\/div>\r\n<div class=\"fw-col-inner\">\r\n<div id=\"xs-col-74e9facb\" class=\"fw-col-md-4     xs-sc-74e9facb    \">\r\n    <div class=\"fw-main-row\">\r\n\t\t\t\t<div class=\"fw-col-inner\">\r\n\t\t\t\t<div class = \"ts-contact-info box-border \">\r\n\t\t\t\t\t<span class=\"ts-contact-icon pull-left\">\r\n\t\t\t\t<i class=\"icon icon-map-marker2\"><\/i>\r\n\t\t\t<\/span>\r\n\t\t\t\t<div class = \"ts-contact-content\">\r\n\t\t\t\t\t\t\t<h3 class=\"ts-contact-title\">Endere\u00e7o<\/h3>\r\n\t\t\t\r\n\t\t\t\t\t\t\t<p>Rua General Souza Neto, 397 - Bloco 1 - Vila Aricanduva - S\u00e3o Paulo - SP<\/p>\r\n\t\t\t\t\t<\/div><!-- Contact content end -->\r\n\t<\/div><!--\/ End Contact info 1-->\r\n\r\n\t\t<\/div>\r\n    <\/div>\r\n<\/div>\r\n<\/div>\n\n    <\/div>\r\n<\/section>\r\n\r\n<section  id=\"xs-sec-4a0fcce7\" class=\"fw-main-row   xs-sc-4a0fcce7   \"  >\r\n\t<div class=\"xs-main-overlay\"><\/div>\r\n\r\n    <div class=\"fw-container\">\r\n\t\t<div class=\"fw-row\">\n\t<div class=\"fw-col-inner\">\r\n<div id=\"xs-col-8ef7da08\" class=\"fw-col-md-6     xs-sc-8ef7da08    \">\r\n    <div class=\"fw-main-row\">\r\n\t\t\t\t<div class=\"fw-col-inner\">\r\n\t\t\t<div class=\"xs-text-block  xs-text-block-7afa497d\">\r\n\t<p>\n<div class=\"wpcf7 no-js\" id=\"wpcf7-f1580-o1\" lang=\"en-US\" dir=\"ltr\" data-wpcf7-id=\"1580\">\n<div class=\"screen-reader-response\"><p role=\"status\" aria-live=\"polite\" aria-atomic=\"true\"><\/p> <ul><\/ul><\/div>\n<form action=\"\/index.php?rest_route=%2Fwp%2Fv2%2Fpages%2F1991#wpcf7-f1580-o1\" method=\"post\" class=\"wpcf7-form init\" aria-label=\"Contact form\" novalidate=\"novalidate\" data-status=\"init\">\n<div style=\"display: none;\">\n<input type=\"hidden\" name=\"_wpcf7\" value=\"1580\" \/>\n<input type=\"hidden\" name=\"_wpcf7_version\" value=\"6.0.6\" \/>\n<input type=\"hidden\" name=\"_wpcf7_locale\" value=\"en_US\" \/>\n<input type=\"hidden\" name=\"_wpcf7_unit_tag\" value=\"wpcf7-f1580-o1\" \/>\n<input type=\"hidden\" name=\"_wpcf7_container_post\" value=\"0\" \/>\n<input type=\"hidden\" name=\"_wpcf7_posted_data_hash\" value=\"\" \/>\n<input type=\"hidden\" name=\"_wpcf7_recaptcha_response\" value=\"\" \/>\n<\/div>\n<div class=\"ts_contact_form\">\n\t<div class=\"row\">\n\t\t<div class=\"col-md-12\">\n\t\t\t<p><span class=\"wpcf7-form-control-wrap\" data-name=\"nome\"><input size=\"40\" maxlength=\"400\" class=\"wpcf7-form-control wpcf7-text wpcf7-validates-as-required\" aria-required=\"true\" aria-invalid=\"false\" placeholder=\"Nome\" value=\"\" type=\"text\" name=\"nome\" \/><\/span>\n\t\t\t<\/p>\n\t\t<\/div>\n\t\t<div class=\"col-md-12\">\n\t\t\t<p><span class=\"wpcf7-form-control-wrap\" data-name=\"empresa\"><input size=\"40\" maxlength=\"400\" class=\"wpcf7-form-control wpcf7-text wpcf7-validates-as-required\" aria-required=\"true\" aria-invalid=\"false\" placeholder=\"Empresa\" value=\"\" type=\"text\" name=\"empresa\" \/><\/span>\n\t\t\t<\/p>\n\t\t<\/div>\n\t\t<div class=\"col-md-12\">\n\t\t\t<p><span class=\"wpcf7-form-control-wrap\" data-name=\"tel\"><input size=\"40\" maxlength=\"400\" class=\"wpcf7-form-control wpcf7-text wpcf7-validates-as-required\" aria-required=\"true\" aria-invalid=\"false\" placeholder=\"Telefone\" value=\"\" type=\"text\" name=\"tel\" \/><\/span>\n\t\t\t<\/p>\n\t\t<\/div>\n\t\t<div class=\"col-md-12\">\n\t\t\t<p><span class=\"wpcf7-form-control-wrap\" data-name=\"email\"><input size=\"40\" maxlength=\"400\" class=\"wpcf7-form-control wpcf7-email wpcf7-validates-as-required wpcf7-text wpcf7-validates-as-email\" aria-required=\"true\" aria-invalid=\"false\" placeholder=\"E-mail\" value=\"\" type=\"email\" name=\"email\" \/><\/span>\n\t\t\t<\/p>\n\t\t<\/div>\n\t\t<div class=\"col-md-12\">\n\t\t\t<p><span class=\"wpcf7-form-control-wrap\" data-name=\"textarea\"><textarea cols=\"40\" rows=\"6\" maxlength=\"2000\" class=\"wpcf7-form-control wpcf7-textarea\" aria-invalid=\"false\" placeholder=\"Coment\u00e1rios\" name=\"textarea\"><\/textarea><\/span>\n\t\t\t<\/p>\n\t\t\t<p><input class=\"wpcf7-form-control wpcf7-submit has-spinner btn btn-primary\" type=\"submit\" value=\"Enviar Mensagem\" \/>\n\t\t\t<\/p>\n\t\t<\/div>\n\t<\/div>\n<\/div><p style=\"display: none !important;\" class=\"akismet-fields-container\" data-prefix=\"_wpcf7_ak_\"><label>&#916;<textarea name=\"_wpcf7_ak_hp_textarea\" cols=\"45\" rows=\"8\" maxlength=\"100\"><\/textarea><\/label><input type=\"hidden\" id=\"ak_js_1\" name=\"_wpcf7_ak_js\" value=\"9\"\/><script>document.getElementById( \"ak_js_1\" ).setAttribute( \"value\", ( new Date() ).getTime() );<\/script><\/p><div class=\"wpcf7-response-output\" aria-hidden=\"true\"><\/div>\n<\/form>\n<\/div>\n<\/p><\/div>\t\t<\/div>\r\n    <\/div>\r\n<\/div>\r\n<div class=\"fw-col-inner\">\r\n<div id=\"xs-col-cdd9ac55\" class=\"fw-col-md-6     xs-sc-cdd9ac55    \">\r\n    <div class=\"fw-main-row\">\r\n\t\t\t\t<div class=\"fw-col-inner\">\r\n\t\t\t<div class=\"xs-text-block  xs-text-block-a613a5c7\">\r\n\t<p><iframe loading=\"lazy\" src=\"https:\/\/www.google.com\/maps\/embed?pb=!1m18!1m12!1m3!1d3657.8571688339302!2d-46.547101385022636!3d-23.53763908469469!2m3!1f0!2f0!3f0!3m2!1i1024!2i768!4f13.1!3m3!1m2!1s0x94ce5e687414ebcf%3A0x5aa6f895be59b289!2sRua+General+Sousa+Neto%2C+397+-+Vila+Aricanduva%2C+S%C3%A3o+Paulo+-+SP%2C+03502-020!5e0!3m2!1spt-BR!2sbr!4v1541197802804\" width=\"600\" height=\"450\" frameborder=\"0\" style=\"border:0\" allowfullscreen><\/iframe><\/p><\/div>\t\t<\/div>\r\n    <\/div>\r\n<\/div>\r\n<\/div>\n\n    <\/div>\r\n<\/section>\r\n\r\n<\/p>\n","protected":false},"excerpt":{"rendered":"<p>Envie-nos uma mensagem Entre em contato para receber uma apresenta\u00e7\u00e3o do modelo de Franquia Oportunidade para Empreendedores de Sucesso. Seja Nosso Franquiado!Estamos abrindo uma oportunidade exclusiva para empreendedores de todo Brasil terem acesso ao nosso projeto de Franquias Beta MaxCam RH, voc\u00ea que \u00e9 ousado, decidido e quer fazer parte de um grupo seleto de [&hellip;]<\/p>\n","protected":false},"author":1,"featured_media":0,"parent":0,"menu_order":0,"comment_status":"closed","ping_status":"closed","template":"template\/template-full-width.php","meta":{"two_page_speed":[],"footnotes":""},"class_list":["post-1991","page","type-page","status-publish","hentry"],"_links":{"self":[{"href":"https:\/\/www.maxcamrh.com.br\/index.php?rest_route=\/wp\/v2\/pages\/1991","targetHints":{"allow":["GET"]}}],"collection":[{"href":"https:\/\/www.maxcamrh.com.br\/index.php?rest_route=\/wp\/v2\/pages"}],"about":[{"href":"https:\/\/www.maxcamrh.com.br\/index.php?rest_route=\/wp\/v2\/types\/page"}],"author":[{"embeddable":true,"href":"https:\/\/www.maxcamrh.com.br\/index.php?rest_route=\/wp\/v2\/users\/1"}],"replies":[{"embeddable":true,"href":"https:\/\/www.maxcamrh.com.br\/index.php?rest_route=%2Fwp%2Fv2%2Fcomments&post=1991"}],"version-history":[{"count":11,"href":"https:\/\/www.maxcamrh.com.br\/index.php?rest_route=\/wp\/v2\/pages\/1991\/revisions"}],"predecessor-version":[{"id":2573,"href":"https:\/\/www.maxcamrh.com.br\/index.php?rest_route=\/wp\/v2\/pages\/1991\/revisions\/2573"}],"wp:attachment":[{"href":"https:\/\/www.maxcamrh.com.br\/index.php?rest_route=%2Fwp%2Fv2%2Fmedia&parent=1991"}],"curies":[{"name":"wp","href":"https:\/\/api.w.org\/{rel}","templated":true}]}}