{"id":2156,"date":"2018-07-13T16:09:06","date_gmt":"2018-07-13T19:09:06","guid":{"rendered":"http:\/\/www.maxcamrh.com.br\/?page_id=2156"},"modified":"2018-11-02T19:43:21","modified_gmt":"2018-11-02T22:43:21","slug":"depoimentos-2","status":"publish","type":"page","link":"https:\/\/www.maxcamrh.com.br\/?page_id=2156","title":{"rendered":"Depoimentos"},"content":{"rendered":"<p><section  id=\"xs-sec-82cba4f7\" class=\"fw-main-row   xs-sc-82cba4f7   \"  >\r\n\t<div class=\"xs-main-overlay\"><\/div>\r\n\r\n    <div class=\"fw-container\">\r\n\t\t<div class=\"fw-row\">\n\t<div class=\"fw-col-inner\">\r\n<div id=\"xs-col-d528b735\" class=\"fw-col-md-12     xs-sc-d528b735    \">\r\n    <div class=\"fw-main-row\">\r\n\t\t\t\t<div class=\"fw-col-inner\">\r\n\t\t\t\r\n<div class=\"heading  xs-heading-fa184abf text-center  heading_margin\">\r\n\t<h3  class='xs-title section-title'><span class='shortheading'>Veja os depoimentos sobre nossos servi\u00e7os<\/span> Depoimentos  <\/h3><\/div>\r\n\t\t<\/div>\r\n    <\/div>\r\n<\/div>\r\n<\/div>\n\n<div class=\"fw-row\">\n\t<div class=\"fw-col-inner\">\r\n<div id=\"xs-col-74e9facb\" class=\"fw-col-md-4     xs-sc-74e9facb    \">\r\n    <div class=\"fw-main-row\">\r\n\t\t\t\t<div class=\"fw-col-inner\">\r\n\t\t\t    \r\n    <div class=\"fw-video  \">\r\n        <iframe loading=\"lazy\" width=\"356\" height=\"200\" src=\"https:\/\/www.youtube.com\/embed\/pzjOVItnTuA?feature=oembed\" frameborder=\"0\" allow=\"autoplay; encrypted-media\" allowfullscreen><\/iframe>    <\/div>\r\n    \r\n    <div class=\"fw-video  \">\r\n        <iframe loading=\"lazy\" width=\"356\" height=\"200\" src=\"https:\/\/www.youtube.com\/embed\/hXMUFyI2Hew?feature=oembed\" frameborder=\"0\" allow=\"autoplay; encrypted-media\" allowfullscreen><\/iframe>    <\/div>\r\n    \r\n    <div class=\"fw-video  \">\r\n        <iframe loading=\"lazy\" width=\"356\" height=\"200\" src=\"https:\/\/www.youtube.com\/embed\/PnjuICYaxwY?feature=oembed\" frameborder=\"0\" allow=\"autoplay; encrypted-media\" allowfullscreen><\/iframe>    <\/div>\r\n\t\t<\/div>\r\n    <\/div>\r\n<\/div>\r\n<div class=\"fw-col-inner\">\r\n<div id=\"xs-col-e407cb66\" class=\"fw-col-md-4     xs-sc-e407cb66    \">\r\n    <div class=\"fw-main-row\">\r\n\t\t\t\t<div class=\"fw-col-inner\">\r\n\t\t\t    \r\n    <div class=\"fw-video  \">\r\n        <iframe loading=\"lazy\" width=\"356\" height=\"200\" src=\"https:\/\/www.youtube.com\/embed\/lX9w7VKOoSA?feature=oembed\" frameborder=\"0\" allow=\"autoplay; encrypted-media\" allowfullscreen><\/iframe>    <\/div>\r\n    \r\n    <div class=\"fw-video  \">\r\n        <iframe loading=\"lazy\" width=\"356\" height=\"200\" src=\"https:\/\/www.youtube.com\/embed\/Y8IiAsZPBVo?feature=oembed\" frameborder=\"0\" allow=\"autoplay; encrypted-media\" allowfullscreen><\/iframe>    <\/div>\r\n    \r\n    <div class=\"fw-video  \">\r\n        <iframe loading=\"lazy\" width=\"356\" height=\"200\" src=\"https:\/\/www.youtube.com\/embed\/or6H35tRLuE?feature=oembed\" frameborder=\"0\" allow=\"autoplay; encrypted-media\" allowfullscreen><\/iframe>    <\/div>\r\n    \r\n    <div class=\"fw-video  \">\r\n        <iframe loading=\"lazy\" width=\"356\" height=\"200\" src=\"https:\/\/www.youtube.com\/embed\/KIyVn4cXmzk?feature=oembed\" frameborder=\"0\" allow=\"autoplay; encrypted-media\" allowfullscreen><\/iframe>    <\/div>\r\n\t\t<\/div>\r\n    <\/div>\r\n<\/div>\r\n<div class=\"fw-col-inner\">\r\n<div id=\"xs-col-4e434d9a\" class=\"fw-col-md-4     xs-sc-4e434d9a    \">\r\n    <div class=\"fw-main-row\">\r\n\t\t\t\t<div class=\"fw-col-inner\">\r\n\t\t\t    \r\n    <div class=\"fw-video  \">\r\n        <iframe loading=\"lazy\" width=\"356\" height=\"200\" src=\"https:\/\/www.youtube.com\/embed\/Un3-RSLVBZM?feature=oembed\" frameborder=\"0\" allow=\"autoplay; encrypted-media\" allowfullscreen><\/iframe>    <\/div>\r\n    \r\n    <div class=\"fw-video  \">\r\n        <iframe loading=\"lazy\" width=\"356\" height=\"200\" src=\"https:\/\/www.youtube.com\/embed\/yMEMwQdOagY?feature=oembed\" frameborder=\"0\" allow=\"autoplay; encrypted-media\" allowfullscreen><\/iframe>    <\/div>\r\n    \r\n    <div class=\"fw-video  \">\r\n        <iframe loading=\"lazy\" width=\"356\" height=\"200\" src=\"https:\/\/www.youtube.com\/embed\/vdb8MhCyh_E?feature=oembed\" frameborder=\"0\" allow=\"autoplay; encrypted-media\" allowfullscreen><\/iframe>    <\/div>\r\n\t\t<\/div>\r\n    <\/div>\r\n<\/div>\r\n<\/div>\n\n    <\/div>\r\n<\/section>\r\n\r\n<section  id=\"xs-sec-28d54cb3\" class=\"fw-main-row   xs-sc-28d54cb3   \"  >\r\n\t<div class=\"xs-main-overlay\"><\/div>\r\n\r\n    <div class=\"fw-container\">\r\n\t\t<div class=\"fw-row\">\n\t<div class=\"fw-col-inner\">\r\n<div id=\"xs-col-a0f90a0b\" class=\"fw-col-md-4     xs-sc-a0f90a0b    \">\r\n    <div class=\"fw-main-row\">\r\n\t\t\t\t<div class=\"fw-col-inner\">\r\n\t\t\t\t<div class = \"ts-contact-info box-border \">\r\n\t\t\t\t\t<span class=\"ts-contact-icon pull-left\">\r\n\t\t\t\t<i class=\"icon icon-envelope2\"><\/i>\r\n\t\t\t<\/span>\r\n\t\t\t\t<div class = \"ts-contact-content\">\r\n\t\t\t\t\t\t\t<h3 class=\"ts-contact-title\">E-mail<\/h3>\r\n\t\t\t\r\n\t\t\t\t\t\t\t<p>contato@maxcamrh.com.br<\/p>\r\n\t\t\t\t\t<\/div><!-- Contact content end -->\r\n\t<\/div><!--\/ End Contact info 1-->\r\n\r\n\t\t<\/div>\r\n    <\/div>\r\n<\/div>\r\n<div class=\"fw-col-inner\">\r\n<div id=\"xs-col-00b1a122\" class=\"fw-col-md-4     xs-sc-00b1a122    \">\r\n    <div class=\"fw-main-row\">\r\n\t\t\t\t<div class=\"fw-col-inner\">\r\n\t\t\t\t<div class = \"ts-contact-info box-border \">\r\n\t\t\t\t\t<span class=\"ts-contact-icon pull-left\">\r\n\t\t\t\t<i class=\"icon icon-phone3\"><\/i>\r\n\t\t\t<\/span>\r\n\t\t\t\t<div class = \"ts-contact-content\">\r\n\t\t\t\t\t\t\t<h3 class=\"ts-contact-title\">Telefone<\/h3>\r\n\t\t\t\r\n\t\t\t\t\t\t\t<p>+55(11)  3624-4985<\/p>\r\n\t\t\t\t\t<\/div><!-- Contact content end -->\r\n\t<\/div><!--\/ End Contact info 1-->\r\n\r\n\t\t<\/div>\r\n    <\/div>\r\n<\/div>\r\n<div class=\"fw-col-inner\">\r\n<div id=\"xs-col-685f3400\" class=\"fw-col-md-4     xs-sc-685f3400    \">\r\n    <div class=\"fw-main-row\">\r\n\t\t\t\t<div class=\"fw-col-inner\">\r\n\t\t\t\t<div class = \"ts-contact-info box-border \">\r\n\t\t\t\t\t<span class=\"ts-contact-icon pull-left\">\r\n\t\t\t\t<i class=\"icon icon-map-marker2\"><\/i>\r\n\t\t\t<\/span>\r\n\t\t\t\t<div class = \"ts-contact-content\">\r\n\t\t\t\t\t\t\t<h3 class=\"ts-contact-title\">Endere\u00e7o<\/h3>\r\n\t\t\t\r\n\t\t\t\t\t\t\t<p>Rua General Souza Neto, 397 - Bloco 1 - Vila Aricanduva - S\u00e3o Paulo - SP<\/p>\r\n\t\t\t\t\t<\/div><!-- Contact content end -->\r\n\t<\/div><!--\/ End Contact info 1-->\r\n\r\n\t\t<\/div>\r\n    <\/div>\r\n<\/div>\r\n<\/div>\n\n    <\/div>\r\n<\/section>\r\n\r\n<section  id=\"xs-sec-4a0fcce7\" class=\"fw-main-row   xs-sc-4a0fcce7   \"  >\r\n\t<div class=\"xs-main-overlay\"><\/div>\r\n\r\n    <div class=\"fw-container\">\r\n\t\t<div class=\"fw-row\">\n\t<div class=\"fw-col-inner\">\r\n<div id=\"xs-col-8ef7da08\" class=\"fw-col-md-6     xs-sc-8ef7da08    \">\r\n    <div class=\"fw-main-row\">\r\n\t\t\t\t<div class=\"fw-col-inner\">\r\n\t\t\t<div class=\"xs-text-block  xs-text-block-7afa497d\">\r\n\t<p>\n<div class=\"wpcf7 no-js\" id=\"wpcf7-f1580-o1\" lang=\"en-US\" dir=\"ltr\" data-wpcf7-id=\"1580\">\n<div class=\"screen-reader-response\"><p role=\"status\" aria-live=\"polite\" aria-atomic=\"true\"><\/p> <ul><\/ul><\/div>\n<form action=\"\/index.php?rest_route=%2Fwp%2Fv2%2Fpages%2F2156#wpcf7-f1580-o1\" method=\"post\" class=\"wpcf7-form init\" aria-label=\"Contact form\" novalidate=\"novalidate\" data-status=\"init\">\n<div style=\"display: none;\">\n<input type=\"hidden\" name=\"_wpcf7\" value=\"1580\" \/>\n<input type=\"hidden\" name=\"_wpcf7_version\" value=\"6.0.6\" \/>\n<input type=\"hidden\" name=\"_wpcf7_locale\" value=\"en_US\" \/>\n<input type=\"hidden\" name=\"_wpcf7_unit_tag\" value=\"wpcf7-f1580-o1\" \/>\n<input type=\"hidden\" name=\"_wpcf7_container_post\" value=\"0\" \/>\n<input type=\"hidden\" name=\"_wpcf7_posted_data_hash\" value=\"\" \/>\n<input type=\"hidden\" name=\"_wpcf7_recaptcha_response\" value=\"\" \/>\n<\/div>\n<div class=\"ts_contact_form\">\n\t<div class=\"row\">\n\t\t<div class=\"col-md-12\">\n\t\t\t<p><span class=\"wpcf7-form-control-wrap\" data-name=\"nome\"><input size=\"40\" maxlength=\"400\" class=\"wpcf7-form-control wpcf7-text wpcf7-validates-as-required\" aria-required=\"true\" aria-invalid=\"false\" placeholder=\"Nome\" value=\"\" type=\"text\" name=\"nome\" \/><\/span>\n\t\t\t<\/p>\n\t\t<\/div>\n\t\t<div class=\"col-md-12\">\n\t\t\t<p><span class=\"wpcf7-form-control-wrap\" data-name=\"empresa\"><input size=\"40\" maxlength=\"400\" class=\"wpcf7-form-control wpcf7-text wpcf7-validates-as-required\" aria-required=\"true\" aria-invalid=\"false\" placeholder=\"Empresa\" value=\"\" type=\"text\" name=\"empresa\" \/><\/span>\n\t\t\t<\/p>\n\t\t<\/div>\n\t\t<div class=\"col-md-12\">\n\t\t\t<p><span class=\"wpcf7-form-control-wrap\" data-name=\"tel\"><input size=\"40\" maxlength=\"400\" class=\"wpcf7-form-control wpcf7-text wpcf7-validates-as-required\" aria-required=\"true\" aria-invalid=\"false\" placeholder=\"Telefone\" value=\"\" type=\"text\" name=\"tel\" \/><\/span>\n\t\t\t<\/p>\n\t\t<\/div>\n\t\t<div class=\"col-md-12\">\n\t\t\t<p><span class=\"wpcf7-form-control-wrap\" data-name=\"email\"><input size=\"40\" maxlength=\"400\" class=\"wpcf7-form-control wpcf7-email wpcf7-validates-as-required wpcf7-text wpcf7-validates-as-email\" aria-required=\"true\" aria-invalid=\"false\" placeholder=\"E-mail\" value=\"\" type=\"email\" name=\"email\" \/><\/span>\n\t\t\t<\/p>\n\t\t<\/div>\n\t\t<div class=\"col-md-12\">\n\t\t\t<p><span class=\"wpcf7-form-control-wrap\" data-name=\"textarea\"><textarea cols=\"40\" rows=\"6\" maxlength=\"2000\" class=\"wpcf7-form-control wpcf7-textarea\" aria-invalid=\"false\" placeholder=\"Coment\u00e1rios\" name=\"textarea\"><\/textarea><\/span>\n\t\t\t<\/p>\n\t\t\t<p><input class=\"wpcf7-form-control wpcf7-submit has-spinner btn btn-primary\" type=\"submit\" value=\"Enviar Mensagem\" \/>\n\t\t\t<\/p>\n\t\t<\/div>\n\t<\/div>\n<\/div><p style=\"display: none !important;\" class=\"akismet-fields-container\" data-prefix=\"_wpcf7_ak_\"><label>&#916;<textarea name=\"_wpcf7_ak_hp_textarea\" cols=\"45\" rows=\"8\" maxlength=\"100\"><\/textarea><\/label><input type=\"hidden\" id=\"ak_js_1\" name=\"_wpcf7_ak_js\" value=\"47\"\/><script>document.getElementById( \"ak_js_1\" ).setAttribute( \"value\", ( new Date() ).getTime() );<\/script><\/p><div class=\"wpcf7-response-output\" aria-hidden=\"true\"><\/div>\n<\/form>\n<\/div>\n<\/p><\/div>\t\t<\/div>\r\n    <\/div>\r\n<\/div>\r\n<div class=\"fw-col-inner\">\r\n<div id=\"xs-col-cdd9ac55\" class=\"fw-col-md-6     xs-sc-cdd9ac55    \">\r\n    <div class=\"fw-main-row\">\r\n\t\t\t\t<div class=\"fw-col-inner\">\r\n\t\t\t<div class=\"xs-text-block  xs-text-block-157decac\">\r\n\t<p><iframe loading=\"lazy\" src=\"https:\/\/www.google.com\/maps\/embed?pb=!1m18!1m12!1m3!1d3657.8571688339302!2d-46.547101385022636!3d-23.53763908469469!2m3!1f0!2f0!3f0!3m2!1i1024!2i768!4f13.1!3m3!1m2!1s0x94ce5e687414ebcf%3A0x5aa6f895be59b289!2sRua+General+Sousa+Neto%2C+397+-+Vila+Aricanduva%2C+S%C3%A3o+Paulo+-+SP%2C+03502-020!5e0!3m2!1spt-BR!2sbr!4v1541197802804\" width=\"600\" height=\"450\" frameborder=\"0\" style=\"border:0\" allowfullscreen><\/iframe><\/p><\/div>\t\t<\/div>\r\n    <\/div>\r\n<\/div>\r\n<\/div>\n\n    <\/div>\r\n<\/section>\r\n\r\n<section  id=\"xs-sec-da42c843\" class=\"fw-main-row   xs-sc-da42c843   section-padding\"  >\r\n\t<div class=\"xs-main-overlay\"><\/div>\r\n\r\n    <div class=\"fw-container\">\r\n\t\t<div class=\"fw-row\">\n\t<div class=\"fw-col-inner\">\r\n<div id=\"xs-col-abdbdf9d\" class=\"fw-col-md-12     xs-sc-abdbdf9d    \">\r\n    <div class=\"fw-main-row\">\r\n\t\t\t\t<div class=\"fw-col-inner\">\r\n\t\t\t\t\t<\/div>\r\n    <\/div>\r\n<\/div>\r\n<\/div>\n\n    <\/div>\r\n<\/section>\r\n\r\n<\/p>\n","protected":false},"excerpt":{"rendered":"<p>Veja os depoimentos sobre nossos servi\u00e7os Depoimentos E-mail contato@maxcamrh.com.br Telefone +55(11) 3624-4985 Endere\u00e7o Rua General Souza Neto, 397 &#8211; Bloco 1 &#8211; Vila Aricanduva &#8211; S\u00e3o Paulo &#8211; SP &#916;<\/p>\n","protected":false},"author":1,"featured_media":0,"parent":0,"menu_order":0,"comment_status":"closed","ping_status":"closed","template":"template\/template-full-width.php","meta":{"two_page_speed":[],"footnotes":""},"class_list":["post-2156","page","type-page","status-publish","hentry"],"_links":{"self":[{"href":"https:\/\/www.maxcamrh.com.br\/index.php?rest_route=\/wp\/v2\/pages\/2156","targetHints":{"allow":["GET"]}}],"collection":[{"href":"https:\/\/www.maxcamrh.com.br\/index.php?rest_route=\/wp\/v2\/pages"}],"about":[{"href":"https:\/\/www.maxcamrh.com.br\/index.php?rest_route=\/wp\/v2\/types\/page"}],"author":[{"embeddable":true,"href":"https:\/\/www.maxcamrh.com.br\/index.php?rest_route=\/wp\/v2\/users\/1"}],"replies":[{"embeddable":true,"href":"https:\/\/www.maxcamrh.com.br\/index.php?rest_route=%2Fwp%2Fv2%2Fcomments&post=2156"}],"version-history":[{"count":30,"href":"https:\/\/www.maxcamrh.com.br\/index.php?rest_route=\/wp\/v2\/pages\/2156\/revisions"}],"predecessor-version":[{"id":2571,"href":"https:\/\/www.maxcamrh.com.br\/index.php?rest_route=\/wp\/v2\/pages\/2156\/revisions\/2571"}],"wp:attachment":[{"href":"https:\/\/www.maxcamrh.com.br\/index.php?rest_route=%2Fwp%2Fv2%2Fmedia&parent=2156"}],"curies":[{"name":"wp","href":"https:\/\/api.w.org\/{rel}","templated":true}]}}